{"id":1056,"date":"2015-08-21T11:48:53","date_gmt":"2015-08-21T11:48:53","guid":{"rendered":"http:\/\/new-life.axiomthemes.com\/?page_id=1056"},"modified":"2025-12-25T05:08:13","modified_gmt":"2025-12-25T10:08:13","slug":"who-we-are","status":"publish","type":"page","link":"https:\/\/flavva.com\/fr\/who-we-are\/","title":{"rendered":"Qui sommes-nous"},"content":{"rendered":"<div class=\"wpb-content-wrapper\"><div class=\"vc_row wpb_row vc_row-fluid\"><div class=\"wpb_column vc_column_container vc_col-sm-12\"><div class=\"vc_column-inner\"><div class=\"wpb_wrapper\"><div class=\"vc_empty_space\"   style=\"height: 1em\"><span class=\"vc_empty_space_inner\"><\/span><\/div><\/div><\/div><\/div><\/div><div class=\"vc_row wpb_row vc_row-fluid vc_column-gap-20 vc_row-o-content-middle vc_row-flex\"><div class=\"wpb_column vc_column_container vc_col-sm-6 vc_col-lg-6 vc_col-md-6 vc_col-xs-12\"><div class=\"vc_column-inner\"><div class=\"wpb_wrapper\"><div class=\"vc_empty_space\"   style=\"height: 30px\"><span class=\"vc_empty_space_inner\"><\/span><\/div><div class=\"sc_section aligncenter\"><div class=\"sc_section_inner\"><figure class=\"sc_image  sc_image_shape_square\"><img decoding=\"async\" src=\"https:\/\/i0.wp.com\/flavva.com\/wp-content\/uploads\/2022\/04\/Flavva-online.png?fit=396%2C310&#038;ssl=1\" alt=\"\" \/><\/figure><\/div><\/div><div class=\"vc_empty_space\"   style=\"height: 1em\"><span class=\"vc_empty_space_inner\"><\/span><\/div><\/div><\/div><\/div><div class=\"wpb_column vc_column_container vc_col-sm-6 vc_col-lg-6 vc_col-md-6 vc_col-xs-12\"><div class=\"vc_column-inner\"><div class=\"wpb_wrapper\"><div class=\"vc_empty_space\"   style=\"height: 30px\"><span class=\"vc_empty_space_inner\"><\/span><\/div><div class=\"sc_section\"><div class=\"sc_section_inner\">\n\t<div class=\"wpb_text_column wpb_content_element\" >\n\t\t<div class=\"wpb_wrapper\">\n\t\t\t<h2 style=\"font-size: 25px; line-height: 1.8; text-align: justify; margin-bottom: 20px;\"><strong>Notre technologie de transformation des aliments sains<\/strong><\/h2>\n<p style=\"font-size: 16px; line-height: 1.8; text-align: justify;\"><strong>Flavva, une innovation culinaire ax\u00e9e sur la technologie dans l'industrie alimentaire moderne,<\/strong> a con\u00e7u une tendance alimentaire distinctive modifiant les habitudes alimentaires. Flavva a soigneusement con\u00e7u un secret commercial r\u00e9volutionnaire qui sert une alimentation durable, produisant des repas, des trempettes et des p\u00e2tes \u00e0 tartiner sains, nouveaux et fonctionnels, <strong>\u00e0 pleine valeur nutritionnelle, aseptiques, sans OGM,<\/strong> sans conservateur et avec une dur\u00e9e de conservation prolong\u00e9e \u00e0 un an.<\/p>\n\n\t\t<\/div>\n\t<\/div>\n<div class=\"vc_empty_space\"   style=\"height: 2em\"><span class=\"vc_empty_space_inner\"><\/span><\/div><\/div><\/div><\/div><\/div><\/div><\/div><div class=\"vc_row wpb_row vc_row-fluid\"><div class=\"wpb_column vc_column_container vc_col-sm-12\"><div class=\"vc_column-inner\"><div class=\"wpb_wrapper\"><div class=\"vc_empty_space\"   style=\"height: 1em\"><span class=\"vc_empty_space_inner\"><\/span><\/div>\n\t<div class=\"wpb_text_column wpb_content_element\" >\n\t\t<div class=\"wpb_wrapper\">\n\t\t\t<p style=\"font-size: 16px; line-height: 1.8; text-align: justify;\">Alors que certains produits sont disponibles \u00e0 l'achat sur le march\u00e9, l'\u00e9quipe technique construit une plate-forme de commerce \u00e9lectronique r\u00e9volutionnaire avec un syst\u00e8me artificiellement intelligent permettant aux abonn\u00e9s de Flavva de choisir les repas qui correspondent \u00e0 leurs r\u00e9gimes alimentaires et \u00e0 leurs habitudes alimentaires. Les utilisateurs peuvent s'abonner et acheter en ligne ou via l'application mobile \u00e0 partir de leur micro-centre de distribution local aux alentours et faire livrer les produits Flavva \u00e0 leur porte sur une base hebdomadaire ou mensuelle. <strong>.<\/strong> .<br \/>\nLes abonnements d'une dur\u00e9e sup\u00e9rieure \u00e0 six mois se verront offrir un four intelligent Flavva.<\/p>\n\n\t\t<\/div>\n\t<\/div>\n<div class=\"vc_empty_space\"   style=\"height: 0.4em\"><span class=\"vc_empty_space_inner\"><\/span><\/div>\n\t<div class=\"wpb_text_column wpb_content_element\" >\n\t\t<div class=\"wpb_wrapper\">\n\t\t\t<p style=\"font-size: 16px; line-height: 1.8; text-align: justify;\"><strong>Les repas instantan\u00e9s Flavva<\/strong> seront automatiquement d\u00e9tect\u00e9s lorsqu'ils sont plac\u00e9s dans le four qui communique avec l'APP de l'utilisateur via IOT pour s\u00e9lectionner la temp\u00e9rature de chauffage appropri\u00e9e et sugg\u00e9rer les repas \u00e0 venir en fonction de ses pr\u00e9f\u00e9rences.<\/p>\n\n\t\t<\/div>\n\t<\/div>\n<div class=\"vc_empty_space\"   style=\"height: 0.4em\"><span class=\"vc_empty_space_inner\"><\/span><\/div>\n\t<div class=\"wpb_text_column wpb_content_element\" >\n\t\t<div class=\"wpb_wrapper\">\n\t\t\t<p style=\"font-size: 16px; line-height: 1.8; text-align: justify;\"><strong>La recette du succ\u00e8s de Flavva<\/strong> reste un engagement in\u00e9branlable envers la <strong>qualit\u00e9<\/strong> et une<strong> passion infinie pour les produits d\u00e9licieux.<\/strong>.<\/p>\n\n\t\t<\/div>\n\t<\/div>\n<div class=\"vc_empty_space\"   style=\"height: 1em\"><span class=\"vc_empty_space_inner\"><\/span><\/div><\/div><\/div><\/div><\/div>\n<\/div>","protected":false},"excerpt":{"rendered":"Our healthy food processing technology Flavva, a technology driven cooking innovation in the modern food industry, designed a distinctive food trend altering eating habits. Flavva has carefully engineered a ground-breaking trade secret that serves sustainable food, producing novel and functional healthy meals, dips and spreads with full nutritional value, aseptic, non-GMO, preservative-free and with an [...]","protected":false},"author":1,"featured_media":0,"parent":0,"menu_order":0,"comment_status":"closed","ping_status":"closed","template":"","meta":{"nf_dc_page":"","_monsterinsights_skip_tracking":false,"_monsterinsights_sitenote_active":false,"_monsterinsights_sitenote_note":"","_monsterinsights_sitenote_category":0,"footnotes":""},"class_list":["post-1056","page","type-page","status-publish","hentry"],"aioseo_notices":[],"aioseo_head":"\n\t\t<!-- All in One SEO Pro 4.9.5.2 - aioseo.com -->\n\t<meta name=\"description\" content=\"Flavva healthy products are online now. You can buy Hummus, Baba Ghanouj and Grape Leaves. Flavva is tasty, organic, natural dips, snacks and vegan products.\" \/>\n\t<meta name=\"robots\" content=\"max-image-preview:large\" \/>\n\t<link rel=\"canonical\" href=\"https:\/\/flavva.com\/fr\/who-we-are\/\" \/>\n\t<meta name=\"generator\" content=\"All in One SEO Pro (AIOSEO) 4.9.5.2\" \/>\n\n\t\t<!-- Google tag (gtag.js) --> <script async src=\"https:\/\/www.googletagmanager.com\/gtag\/js?id=G-69XJVZCSR5\"><\/script> <script> window.dataLayer = window.dataLayer || []; function gtag(){dataLayer.push(arguments);} gtag('js', new Date()); gtag('config', 'G-69XJVZCSR5'); <\/script>\n<meta name=\"google-site-verification\" content=\"COYY6-0iXaNgCcNWpnBuNKP97PjfeVx-i5a19UJGWCw\" \/>\n\t\t<meta property=\"og:locale\" content=\"fr_CA\" \/>\n\t\t<meta property=\"og:site_name\" content=\"Flavva Eat Healthy\" \/>\n\t\t<meta property=\"og:type\" content=\"article\" \/>\n\t\t<meta property=\"og:title\" content=\"Flavva Products | Organic Hummus Dips &amp; Baba Ghannouj\" \/>\n\t\t<meta property=\"og:description\" content=\"Flavva healthy products are online now. You can buy Hummus, Baba Ghanouj and Grape Leaves. Flavva is tasty, organic, natural dips, snacks and vegan products.\" \/>\n\t\t<meta property=\"og:url\" content=\"https:\/\/flavva.com\/fr\/who-we-are\/\" \/>\n\t\t<meta property=\"og:image\" content=\"https:\/\/flavva.com\/wp-content\/uploads\/2022\/05\/flavva_logo-1.png\" \/>\n\t\t<meta property=\"og:image:secure_url\" content=\"https:\/\/flavva.com\/wp-content\/uploads\/2022\/05\/flavva_logo-1.png\" \/>\n\t\t<meta property=\"og:image:width\" content=\"300\" \/>\n\t\t<meta property=\"og:image:height\" content=\"300\" \/>\n\t\t<meta property=\"article:published_time\" content=\"2015-08-21T11:48:53+00:00\" \/>\n\t\t<meta property=\"article:modified_time\" content=\"2025-12-25T10:08:13+00:00\" \/>\n\t\t<meta property=\"article:publisher\" content=\"https:\/\/www.facebook.com\/flavvafb\/\" \/>\n\t\t<meta name=\"twitter:card\" content=\"summary\" \/>\n\t\t<meta name=\"twitter:site\" content=\"@flavva6\" \/>\n\t\t<meta name=\"twitter:title\" content=\"Flavva Products | Organic Hummus Dips &amp; Baba Ghannouj\" \/>\n\t\t<meta name=\"twitter:description\" content=\"Flavva healthy products are online now. You can buy Hummus, Baba Ghanouj and Grape Leaves. Flavva is tasty, organic, natural dips, snacks and vegan products.\" \/>\n\t\t<meta name=\"twitter:creator\" content=\"@flavva6\" \/>\n\t\t<meta name=\"twitter:image\" content=\"https:\/\/flavva.com\/wp-content\/uploads\/2022\/05\/flavva_logo_twitter-1.png\" \/>\n\t\t<script type=\"application\/ld+json\" class=\"aioseo-schema\">\n\t\t\t{\"@context\":\"https:\\\/\\\/schema.org\",\"@graph\":[{\"@type\":\"BreadcrumbList\",\"@id\":\"https:\\\/\\\/flavva.com\\\/fr\\\/who-we-are\\\/#breadcrumblist\",\"itemListElement\":[{\"@type\":\"ListItem\",\"@id\":\"https:\\\/\\\/flavva.com\\\/fr#listItem\",\"position\":1,\"name\":\"Home\",\"item\":\"https:\\\/\\\/flavva.com\\\/fr\",\"nextItem\":{\"@type\":\"ListItem\",\"@id\":\"https:\\\/\\\/flavva.com\\\/fr\\\/who-we-are\\\/#listItem\",\"name\":\"Who We Are\"}},{\"@type\":\"ListItem\",\"@id\":\"https:\\\/\\\/flavva.com\\\/fr\\\/who-we-are\\\/#listItem\",\"position\":2,\"name\":\"Who We Are\",\"previousItem\":{\"@type\":\"ListItem\",\"@id\":\"https:\\\/\\\/flavva.com\\\/fr#listItem\",\"name\":\"Home\"}}]},{\"@type\":\"Organization\",\"@id\":\"https:\\\/\\\/flavva.com\\\/fr\\\/#organization\",\"name\":\"Flavva Eat Healthy\",\"url\":\"https:\\\/\\\/flavva.com\\\/fr\\\/\",\"email\":\"info@flavva.com\",\"telephone\":\"+15146177877\",\"logo\":{\"@type\":\"ImageObject\",\"url\":\"https:\\\/\\\/i0.wp.com\\\/flavva.com\\\/wp-content\\\/uploads\\\/2022\\\/05\\\/flavva_logo-1.png?fit=300%2C300&ssl=1\",\"@id\":\"https:\\\/\\\/flavva.com\\\/fr\\\/who-we-are\\\/#organizationLogo\",\"width\":300,\"height\":300,\"caption\":\"Flavva Logo\"},\"image\":{\"@id\":\"https:\\\/\\\/flavva.com\\\/fr\\\/who-we-are\\\/#organizationLogo\"},\"sameAs\":[\"https:\\\/\\\/www.facebook.com\\\/flavvafb\\\/\",\"https:\\\/\\\/twitter.com\\\/flavva6\",\"https:\\\/\\\/www.instagram.com\\\/flavvafood\\\/\",\"https:\\\/\\\/www.linkedin.com\\\/company\\\/flavva\\\/\"],\"address\":{\"@id\":\"https:\\\/\\\/flavva.com\\\/fr\\\/#postaladdress\",\"@type\":\"PostalAddress\",\"streetAddress\":\"3850 boulevard saint-Ezear o,\",\"postalCode\":\"H7P0L4\",\"addressLocality\":\"laval\",\"addressRegion\":\"Quebec\",\"addressCountry\":\"CA\"}},{\"@type\":\"WebPage\",\"@id\":\"https:\\\/\\\/flavva.com\\\/fr\\\/who-we-are\\\/#webpage\",\"url\":\"https:\\\/\\\/flavva.com\\\/fr\\\/who-we-are\\\/\",\"name\":\"Flavva Products | Organic Hummus Dips & Baba Ghannouj\",\"description\":\"Flavva healthy products are online now. You can buy Hummus, Baba Ghanouj and Grape Leaves. Flavva is tasty, organic, natural dips, snacks and vegan products.\",\"inLanguage\":\"fr-CA\",\"isPartOf\":{\"@id\":\"https:\\\/\\\/flavva.com\\\/fr\\\/#website\"},\"breadcrumb\":{\"@id\":\"https:\\\/\\\/flavva.com\\\/fr\\\/who-we-are\\\/#breadcrumblist\"},\"datePublished\":\"2015-08-21T11:48:53-04:00\",\"dateModified\":\"2025-12-25T05:08:13-05:00\"},{\"@type\":\"WebSite\",\"@id\":\"https:\\\/\\\/flavva.com\\\/fr\\\/#website\",\"url\":\"https:\\\/\\\/flavva.com\\\/fr\\\/\",\"name\":\"Flavva Eat Healthy\",\"inLanguage\":\"fr-CA\",\"publisher\":{\"@id\":\"https:\\\/\\\/flavva.com\\\/fr\\\/#organization\"}}]}\n\t\t<\/script>\n\t\t<!-- All in One SEO Pro -->\r\n\t\t<title>Flavva Products | Organic Hummus Dips &amp; Baba Ghannouj<\/title>\n\n","aioseo_head_json":{"title":"Flavva Products | Organic Hummus Dips & Baba Ghannouj","description":"Flavva healthy products are online now. You can buy Hummus, Baba Ghanouj and Grape Leaves. Flavva is tasty, organic, natural dips, snacks and vegan products.","canonical_url":"https:\/\/flavva.com\/fr\/who-we-are\/","robots":"max-image-preview:large","keywords":"","webmasterTools":{"miscellaneous":"&lt;!-- Google tag (gtag.js) --&gt; &lt;script async src=\"https:\/\/www.googletagmanager.com\/gtag\/js?id=G-69XJVZCSR5\"&gt;&lt;\/script&gt; &lt;script&gt; window.dataLayer = window.dataLayer || []; function gtag(){dataLayer.push(arguments);} gtag('js', new Date()); gtag('config', 'G-69XJVZCSR5'); &lt;\/script&gt;\n&lt;meta name=\"google-site-verification\" content=\"COYY6-0iXaNgCcNWpnBuNKP97PjfeVx-i5a19UJGWCw\" \/&gt;"},"schema":{"@context":"https:\/\/schema.org","@graph":[{"@type":"BreadcrumbList","@id":"https:\/\/flavva.com\/fr\/who-we-are\/#breadcrumblist","itemListElement":[{"@type":"ListItem","@id":"https:\/\/flavva.com\/fr#listItem","position":1,"name":"Home","item":"https:\/\/flavva.com\/fr","nextItem":{"@type":"ListItem","@id":"https:\/\/flavva.com\/fr\/who-we-are\/#listItem","name":"Who We Are"}},{"@type":"ListItem","@id":"https:\/\/flavva.com\/fr\/who-we-are\/#listItem","position":2,"name":"Who We Are","previousItem":{"@type":"ListItem","@id":"https:\/\/flavva.com\/fr#listItem","name":"Home"}}]},{"@type":"Organization","@id":"https:\/\/flavva.com\/fr\/#organization","name":"Flavva Eat Healthy","url":"https:\/\/flavva.com\/fr\/","email":"info@flavva.com","telephone":"+15146177877","logo":{"@type":"ImageObject","url":"https:\/\/i0.wp.com\/flavva.com\/wp-content\/uploads\/2022\/05\/flavva_logo-1.png?fit=300%2C300&ssl=1","@id":"https:\/\/flavva.com\/fr\/who-we-are\/#organizationLogo","width":300,"height":300,"caption":"Flavva Logo"},"image":{"@id":"https:\/\/flavva.com\/fr\/who-we-are\/#organizationLogo"},"sameAs":["https:\/\/www.facebook.com\/flavvafb\/","https:\/\/twitter.com\/flavva6","https:\/\/www.instagram.com\/flavvafood\/","https:\/\/www.linkedin.com\/company\/flavva\/"],"address":{"@id":"https:\/\/flavva.com\/fr\/#postaladdress","@type":"PostalAddress","streetAddress":"3850 boulevard saint-Ezear o,","postalCode":"H7P0L4","addressLocality":"laval","addressRegion":"Quebec","addressCountry":"CA"}},{"@type":"WebPage","@id":"https:\/\/flavva.com\/fr\/who-we-are\/#webpage","url":"https:\/\/flavva.com\/fr\/who-we-are\/","name":"Flavva Products | Organic Hummus Dips & Baba Ghannouj","description":"Flavva healthy products are online now. You can buy Hummus, Baba Ghanouj and Grape Leaves. Flavva is tasty, organic, natural dips, snacks and vegan products.","inLanguage":"fr-CA","isPartOf":{"@id":"https:\/\/flavva.com\/fr\/#website"},"breadcrumb":{"@id":"https:\/\/flavva.com\/fr\/who-we-are\/#breadcrumblist"},"datePublished":"2015-08-21T11:48:53-04:00","dateModified":"2025-12-25T05:08:13-05:00"},{"@type":"WebSite","@id":"https:\/\/flavva.com\/fr\/#website","url":"https:\/\/flavva.com\/fr\/","name":"Flavva Eat Healthy","inLanguage":"fr-CA","publisher":{"@id":"https:\/\/flavva.com\/fr\/#organization"}}]},"og:locale":"fr_CA","og:site_name":"Flavva Eat Healthy","og:type":"article","og:title":"Flavva Products | Organic Hummus Dips &amp; Baba Ghannouj","og:description":"Flavva healthy products are online now. You can buy Hummus, Baba Ghanouj and Grape Leaves. Flavva is tasty, organic, natural dips, snacks and vegan products.","og:url":"https:\/\/flavva.com\/fr\/who-we-are\/","og:image":"https:\/\/flavva.com\/wp-content\/uploads\/2022\/05\/flavva_logo-1.png","og:image:secure_url":"https:\/\/flavva.com\/wp-content\/uploads\/2022\/05\/flavva_logo-1.png","og:image:width":300,"og:image:height":300,"article:published_time":"2015-08-21T11:48:53+00:00","article:modified_time":"2025-12-25T10:08:13+00:00","article:publisher":"https:\/\/www.facebook.com\/flavvafb\/","twitter:card":"summary","twitter:site":"@flavva6","twitter:title":"Flavva Products | Organic Hummus Dips &amp; Baba Ghannouj","twitter:description":"Flavva healthy products are online now. You can buy Hummus, Baba Ghanouj and Grape Leaves. Flavva is tasty, organic, natural dips, snacks and vegan products.","twitter:creator":"@flavva6","twitter:image":"https:\/\/flavva.com\/wp-content\/uploads\/2022\/05\/flavva_logo_twitter-1.png"},"aioseo_meta_data":{"post_id":"1056","title":"Flavva Products | Organic Hummus Dips &amp; Baba Ghannouj","description":"Flavva healthy products are online now. You can buy Hummus, Baba Ghanouj and Grape Leaves. Flavva is tasty, organic, natural dips, snacks and vegan products.","keywords":null,"keyphrases":{"focus":{"keyphrase":"","score":0,"analysis":{"keyphraseInTitle":{"score":0,"maxScore":9,"error":1}}},"additional":[]},"primary_term":null,"canonical_url":null,"og_title":null,"og_description":null,"og_object_type":"default","og_image_type":"custom_image","og_image_url":"https:\/\/flavva.com\/wp-content\/uploads\/2022\/05\/flavva_logo-1.png","og_image_width":"300","og_image_height":"300","og_image_custom_url":"https:\/\/flavva.com\/wp-content\/uploads\/2022\/05\/flavva_logo-1.png","og_image_custom_fields":null,"og_video":"","og_custom_url":null,"og_article_section":null,"og_article_tags":null,"twitter_use_og":false,"twitter_card":"default","twitter_image_type":"custom_image","twitter_image_url":"https:\/\/flavva.com\/wp-content\/uploads\/2022\/05\/flavva_logo_twitter-1.png","twitter_image_custom_url":"https:\/\/flavva.com\/wp-content\/uploads\/2022\/05\/flavva_logo_twitter-1.png","twitter_image_custom_fields":null,"twitter_title":null,"twitter_description":null,"schema":{"blockGraphs":[],"customGraphs":[],"default":{"data":{"Article":[],"Course":[],"Dataset":[],"FAQPage":[],"Movie":[],"Person":[],"Product":[],"ProductReview":[],"Car":[],"Recipe":[],"Service":[],"SoftwareApplication":[],"WebPage":[]},"graphName":"WebPage","isEnabled":true},"graphs":[],"defaultGraph":"WebPage","defaultPostTypeGraph":""},"schema_type":"default","schema_type_options":"{\"article\":{\"articleType\":\"BlogPosting\"},\"course\":{\"name\":\"\",\"description\":\"\",\"provider\":\"\"},\"faq\":{\"pages\":[]},\"product\":{\"reviews\":[]},\"recipe\":{\"ingredients\":[],\"instructions\":[],\"keywords\":[]},\"software\":{\"reviews\":[],\"operatingSystems\":[]},\"webPage\":{\"webPageType\":\"WebPage\"}}","pillar_content":false,"robots_default":true,"robots_noindex":false,"robots_noarchive":false,"robots_nosnippet":false,"robots_nofollow":false,"robots_noimageindex":false,"robots_noodp":false,"robots_notranslate":false,"robots_max_snippet":"-1","robots_max_videopreview":"-1","robots_max_imagepreview":"large","priority":null,"frequency":"default","local_seo":null,"seo_analyzer_scan_date":"2025-12-25 10:21:06","breadcrumb_settings":null,"limit_modified_date":false,"open_ai":"{\"title\":{\"suggestions\":[],\"usage\":0},\"description\":{\"suggestions\":[],\"usage\":0}}","ai":{"faqs":[],"keyPoints":[],"titles":[],"descriptions":[],"socialPosts":{"email":[],"linkedin":[],"twitter":[],"facebook":[],"instagram":[]}},"created":"2022-04-05 16:44:00","updated":"2025-12-25 10:23:12"},"aioseo_breadcrumb":"<div class=\"aioseo-breadcrumbs\"><span class=\"aioseo-breadcrumb\">\n\t<a href=\"https:\/\/flavva.com\/fr\" title=\"Home\">Home<\/a>\n<\/span><span class=\"aioseo-breadcrumb-separator\">&raquo;<\/span><span class=\"aioseo-breadcrumb\">\n\tWho We Are\n<\/span><\/div>","aioseo_breadcrumb_json":[{"label":"Home","link":"https:\/\/flavva.com\/fr"},{"label":"Who We Are","link":"https:\/\/flavva.com\/fr\/who-we-are\/"}],"_links":{"self":[{"href":"https:\/\/flavva.com\/fr\/wp-json\/wp\/v2\/pages\/1056","targetHints":{"allow":["GET"]}}],"collection":[{"href":"https:\/\/flavva.com\/fr\/wp-json\/wp\/v2\/pages"}],"about":[{"href":"https:\/\/flavva.com\/fr\/wp-json\/wp\/v2\/types\/page"}],"author":[{"embeddable":true,"href":"https:\/\/flavva.com\/fr\/wp-json\/wp\/v2\/users\/1"}],"replies":[{"embeddable":true,"href":"https:\/\/flavva.com\/fr\/wp-json\/wp\/v2\/comments?post=1056"}],"version-history":[{"count":0,"href":"https:\/\/flavva.com\/fr\/wp-json\/wp\/v2\/pages\/1056\/revisions"}],"wp:attachment":[{"href":"https:\/\/flavva.com\/fr\/wp-json\/wp\/v2\/media?parent=1056"}],"curies":[{"name":"wp","href":"https:\/\/api.w.org\/{rel}","templated":true}]}}