{"id":2783,"date":"2015-12-11T09:38:50","date_gmt":"2015-12-11T09:38:50","guid":{"rendered":"http:\/\/box5346.temp.domains\/~flavvaco\/?page_id=2783"},"modified":"2023-03-25T15:57:59","modified_gmt":"2023-03-25T19:57:59","slug":"gallery","status":"publish","type":"page","link":"https:\/\/flavva.com\/fr\/gallery\/","title":{"rendered":"Notre galerie"},"content":{"rendered":"<div class=\"wpb-content-wrapper\"><div class=\"vc_row wpb_row vc_row-fluid\"><div class=\"wpb_column vc_column_container vc_col-sm-12\"><div class=\"vc_column-inner\"><div class=\"wpb_wrapper\"><div class=\"vc_empty_space\"   style=\"height: 3em\"><span class=\"vc_empty_space_inner\"><\/span><\/div><\/div><\/div><\/div><\/div><div class=\"vc_row wpb_row vc_row-fluid\"><div class=\"wpb_column vc_column_container vc_col-sm-4\"><div class=\"vc_column-inner\"><div class=\"wpb_wrapper\"><div class=\"vc-hoverbox-wrapper  vc-hoverbox-shape--rounded vc-hoverbox-align--center vc-hoverbox-direction--default vc-hoverbox-width--100\"  ontouchstart=\"\">\n  <div class=\"vc-hoverbox\">\n    <div class=\"vc-hoverbox-inner\">\n      <div class=\"vc-hoverbox-block vc-hoverbox-front\" style=\"background-image: url(https:\/\/i0.wp.com\/flavva.com\/wp-content\/uploads\/2022\/04\/beetroot-package.jpeg?fit=1024%2C766&#038;ssl=1);\">\n        <div class=\"vc-hoverbox-block-inner vc-hoverbox-front-inner\">\n            <h2 style=\"text-align: center;font-family:Abril Fatface;font-weight:400;font-style:normal\" class=\"vc_custom_heading vc_do_custom_heading\">HOUMOUS  BETTERAVES<\/h2>\n        <\/div>\n      <\/div>\n      <div class=\"vc-hoverbox-block vc-hoverbox-back\" style=\"background-color: #ebebeb;\">\n        <div class=\"vc-hoverbox-block-inner vc-hoverbox-back-inner\">\n            <h2 style=\"text-align:center\">HOUMOUS  BETTERAVES<\/h2>\n            <p>Gr\u00e2ce \u00e0 la sant\u00e9 furtive et aux \u00e9changes intelligents, nous cr\u00e9ons des repas avec des rebondissements inattendus<\/p>\n\n            \n        <\/div>\n      <\/div>\n    <\/div>\n  <\/div>\n<\/div><div class=\"vc_empty_space\"   style=\"height: 2em\"><span class=\"vc_empty_space_inner\"><\/span><\/div><\/div><\/div><\/div><div class=\"wpb_column vc_column_container vc_col-sm-4\"><div class=\"vc_column-inner\"><div class=\"wpb_wrapper\"><div class=\"vc-hoverbox-wrapper  vc-hoverbox-shape--rounded vc-hoverbox-align--center vc-hoverbox-direction--default vc-hoverbox-width--100\"  ontouchstart=\"\">\n  <div class=\"vc-hoverbox\">\n    <div class=\"vc-hoverbox-inner\">\n      <div class=\"vc-hoverbox-block vc-hoverbox-front\" style=\"background-image: url(https:\/\/i0.wp.com\/flavva.com\/wp-content\/uploads\/2022\/04\/chocolate-hummus-125926-1.jpg?fit=1024%2C683&#038;ssl=1);\">\n        <div class=\"vc-hoverbox-block-inner vc-hoverbox-front-inner\">\n            \n        <\/div>\n      <\/div>\n      <div class=\"vc-hoverbox-block vc-hoverbox-back\" style=\"background-color: #ebebeb;\">\n        <div class=\"vc-hoverbox-block-inner vc-hoverbox-back-inner\">\n            <h2 style=\"text-align:center\">HOUMOUS AU CHOCOLAT<\/h2>\n            <p>Une collation \u00e0 emporter adapt\u00e9e aux enfants, qui est \u00e0 la fois saine et d\u00e9licieuse pour alimenter leurs journ\u00e9es actives<\/p>\n\n            \n        <\/div>\n      <\/div>\n    <\/div>\n  <\/div>\n<\/div><div class=\"vc_empty_space\"   style=\"height: 2em\"><span class=\"vc_empty_space_inner\"><\/span><\/div><\/div><\/div><\/div><div class=\"wpb_column vc_column_container vc_col-sm-4\"><div class=\"vc_column-inner\"><div class=\"wpb_wrapper\"><div class=\"vc-hoverbox-wrapper  vc-hoverbox-shape--rounded vc-hoverbox-align--center vc-hoverbox-direction--default vc-hoverbox-width--100\"  ontouchstart=\"\">\n  <div class=\"vc-hoverbox\">\n    <div class=\"vc-hoverbox-inner\">\n      <div class=\"vc-hoverbox-block vc-hoverbox-front\" style=\"background-image: url(https:\/\/i0.wp.com\/flavva.com\/wp-content\/uploads\/2022\/04\/our-products-display.jpg?fit=1024%2C574&#038;ssl=1);\">\n        <div class=\"vc-hoverbox-block-inner vc-hoverbox-front-inner\">\n            \n        <\/div>\n      <\/div>\n      <div class=\"vc-hoverbox-block vc-hoverbox-back\" style=\"background-color: #ebebeb;\">\n        <div class=\"vc-hoverbox-block-inner vc-hoverbox-back-inner\">\n            <h2 style=\"text-align:center\">HOUMOUS SAIN<\/h2>\n            <p>Un arc-en-ciel de houmous<\/p>\n\n            \n        <\/div>\n      <\/div>\n    <\/div>\n  <\/div>\n<\/div><div class=\"vc_empty_space\"   style=\"height: 2em\"><span class=\"vc_empty_space_inner\"><\/span><\/div><\/div><\/div><\/div><\/div><div class=\"vc_row wpb_row vc_row-fluid\"><div class=\"wpb_column vc_column_container vc_col-sm-4\"><div class=\"vc_column-inner\"><div class=\"wpb_wrapper\"><div class=\"vc-hoverbox-wrapper  vc-hoverbox-shape--rounded vc-hoverbox-align--center vc-hoverbox-direction--default vc-hoverbox-width--100\"  ontouchstart=\"\">\n  <div class=\"vc-hoverbox\">\n    <div class=\"vc-hoverbox-inner\">\n      <div class=\"vc-hoverbox-block vc-hoverbox-front\" style=\"background-image: url(https:\/\/i0.wp.com\/flavva.com\/wp-content\/uploads\/2022\/04\/PHOTO-2021-05-11-10-45-02.jpg?fit=1024%2C766&#038;ssl=1);\">\n        <div class=\"vc-hoverbox-block-inner vc-hoverbox-front-inner\">\n            \n        <\/div>\n      <\/div>\n      <div class=\"vc-hoverbox-block vc-hoverbox-back\" style=\"background-color: #ebebeb;\">\n        <div class=\"vc-hoverbox-block-inner vc-hoverbox-back-inner\">\n            <h2 style=\"text-align:center\">HOUMOUS CLASSIQUE<\/h2>\n            <p>Seuls des ingr\u00e9dients bien \u00e9tudi\u00e9s et des repas riches en nutriments<\/p>\n\n            \n        <\/div>\n      <\/div>\n    <\/div>\n  <\/div>\n<\/div><div class=\"vc_empty_space\"   style=\"height: 2em\"><span class=\"vc_empty_space_inner\"><\/span><\/div><\/div><\/div><\/div><div class=\"wpb_column vc_column_container vc_col-sm-4\"><div class=\"vc_column-inner\"><div class=\"wpb_wrapper\"><div class=\"vc-hoverbox-wrapper  vc-hoverbox-shape--rounded vc-hoverbox-align--center vc-hoverbox-direction--default vc-hoverbox-width--100\"  ontouchstart=\"\">\n  <div class=\"vc-hoverbox\">\n    <div class=\"vc-hoverbox-inner\">\n      <div class=\"vc-hoverbox-block vc-hoverbox-front\" style=\"background-image: url(https:\/\/i0.wp.com\/flavva.com\/wp-content\/uploads\/2022\/04\/Myriad-Flavors-to-tempt-your-taste-Buds.jpg?fit=768%2C1024&#038;ssl=1);\">\n        <div class=\"vc-hoverbox-block-inner vc-hoverbox-front-inner\">\n            \n        <\/div>\n      <\/div>\n      <div class=\"vc-hoverbox-block vc-hoverbox-back\" style=\"background-color: #ebebeb;\">\n        <div class=\"vc-hoverbox-block-inner vc-hoverbox-back-inner\">\n            <h2 style=\"text-align:center\">SNACKS ORGANIQUES<\/h2>\n            <p>Nous augmentons votre apport en nutriments avec des \u00e9changes sains et des recettes bien \u00e9quilibr\u00e9es<\/p>\n\n            \n        <\/div>\n      <\/div>\n    <\/div>\n  <\/div>\n<\/div><div class=\"vc_empty_space\"   style=\"height: 2em\"><span class=\"vc_empty_space_inner\"><\/span><\/div><\/div><\/div><\/div><div class=\"wpb_column vc_column_container vc_col-sm-4\"><div class=\"vc_column-inner\"><div class=\"wpb_wrapper\"><div class=\"vc-hoverbox-wrapper  vc-hoverbox-shape--rounded vc-hoverbox-align--center vc-hoverbox-direction--default vc-hoverbox-width--100\"  ontouchstart=\"\">\n  <div class=\"vc-hoverbox\">\n    <div class=\"vc-hoverbox-inner\">\n      <div class=\"vc-hoverbox-block vc-hoverbox-front\" style=\"background-image: url(https:\/\/i0.wp.com\/flavva.com\/wp-content\/uploads\/2022\/04\/Flavva-Hummus-1.png?fit=500%2C500&#038;ssl=1);\">\n        <div class=\"vc-hoverbox-block-inner vc-hoverbox-front-inner\">\n            \n        <\/div>\n      <\/div>\n      <div class=\"vc-hoverbox-block vc-hoverbox-back\" style=\"background-color: #ebebeb;\">\n        <div class=\"vc-hoverbox-block-inner vc-hoverbox-back-inner\">\n            <h2 style=\"text-align:center\">D\u00c9LICIEUX<\/h2>\n            <p>Repas nutritifs pr\u00e9-pr\u00e9par\u00e9s qui seront servis en moins d'une minute<\/p>\n\n            \n        <\/div>\n      <\/div>\n    <\/div>\n  <\/div>\n<\/div><div class=\"vc_empty_space\"   style=\"height: 2em\"><span class=\"vc_empty_space_inner\"><\/span><\/div><\/div><\/div><\/div><\/div><div class=\"vc_row wpb_row vc_row-fluid\"><div class=\"wpb_column vc_column_container vc_col-sm-4\"><div class=\"vc_column-inner\"><div class=\"wpb_wrapper\"><div class=\"vc-hoverbox-wrapper  vc-hoverbox-shape--rounded vc-hoverbox-align--center vc-hoverbox-direction--default vc-hoverbox-width--100\"  ontouchstart=\"\">\n  <div class=\"vc-hoverbox\">\n    <div class=\"vc-hoverbox-inner\">\n      <div class=\"vc-hoverbox-block vc-hoverbox-front\" style=\"background-image: url(https:\/\/i0.wp.com\/flavva.com\/wp-content\/uploads\/2022\/04\/Flavva-babaghanouj-.png?fit=500%2C500&#038;ssl=1);\">\n        <div class=\"vc-hoverbox-block-inner vc-hoverbox-front-inner\">\n            \n        <\/div>\n      <\/div>\n      <div class=\"vc-hoverbox-block vc-hoverbox-back\" style=\"background-color: #ebebeb;\">\n        <div class=\"vc-hoverbox-block-inner vc-hoverbox-back-inner\">\n            <h2 style=\"text-align:center\">Baba Ghanouj<\/h2>\n            <p>Faire en sorte que chaque cuiller\u00e9e compte<\/p>\n\n            \n        <\/div>\n      <\/div>\n    <\/div>\n  <\/div>\n<\/div><div class=\"vc_empty_space\"   style=\"height: 2em\"><span class=\"vc_empty_space_inner\"><\/span><\/div><\/div><\/div><\/div><div class=\"wpb_column vc_column_container vc_col-sm-4\"><div class=\"vc_column-inner\"><div class=\"wpb_wrapper\"><div class=\"vc-hoverbox-wrapper  vc-hoverbox-shape--rounded vc-hoverbox-align--center vc-hoverbox-direction--default vc-hoverbox-width--100\"  ontouchstart=\"\">\n  <div class=\"vc-hoverbox\">\n    <div class=\"vc-hoverbox-inner\">\n      <div class=\"vc-hoverbox-block vc-hoverbox-front\" style=\"background-image: url(https:\/\/i0.wp.com\/flavva.com\/wp-content\/uploads\/2022\/04\/Flavva-Hummus-dip.png?fit=500%2C500&#038;ssl=1);\">\n        <div class=\"vc-hoverbox-block-inner vc-hoverbox-front-inner\">\n            \n        <\/div>\n      <\/div>\n      <div class=\"vc-hoverbox-block vc-hoverbox-back\" style=\"background-color: #ebebeb;\">\n        <div class=\"vc-hoverbox-block-inner vc-hoverbox-back-inner\">\n            <h2 style=\"text-align:center\">TREMPETTES SAVOUREUSES<\/h2>\n            <p>Savourez des trempettes saines qui sont plus l\u00e9g\u00e8res sans sacrifier la saveur<\/p>\n\n            \n        <\/div>\n      <\/div>\n    <\/div>\n  <\/div>\n<\/div><div class=\"vc_empty_space\"   style=\"height: 2em\"><span class=\"vc_empty_space_inner\"><\/span><\/div><\/div><\/div><\/div><div class=\"wpb_column vc_column_container vc_col-sm-4\"><div class=\"vc_column-inner\"><div class=\"wpb_wrapper\"><div class=\"vc-hoverbox-wrapper  vc-hoverbox-shape--rounded vc-hoverbox-align--center vc-hoverbox-direction--default vc-hoverbox-width--100\"  ontouchstart=\"\">\n  <div class=\"vc-hoverbox\">\n    <div class=\"vc-hoverbox-inner\">\n      <div class=\"vc-hoverbox-block vc-hoverbox-front\" style=\"background-image: url(https:\/\/i0.wp.com\/flavva.com\/wp-content\/uploads\/2022\/04\/flavva-hummus-dip-1-1.png?fit=500%2C334&#038;ssl=1);\">\n        <div class=\"vc-hoverbox-block-inner vc-hoverbox-front-inner\">\n            \n        <\/div>\n      <\/div>\n      <div class=\"vc-hoverbox-block vc-hoverbox-back\" style=\"background-color: #ebebeb;\">\n        <div class=\"vc-hoverbox-block-inner vc-hoverbox-back-inner\">\n            <h2 style=\"text-align:center\">HOUMOUS NATUREL<\/h2>\n            <p>Une petite bouch\u00e9e \u00e9nergisante et nourrissante en milieu de matin\u00e9e ou en apr\u00e8s-midi<\/p>\n\n            \n        <\/div>\n      <\/div>\n    <\/div>\n  <\/div>\n<\/div><div class=\"vc_empty_space\"   style=\"height: 2em\"><span class=\"vc_empty_space_inner\"><\/span><\/div><\/div><\/div><\/div><\/div>\n<\/div>","protected":false},"excerpt":{"rendered":"Beetroot Hummus Beetroot Hummus Through stealth health and clever swaps, we craft meals with unexpected twists Chocolate Hummus A kid-friendly grab-and-go snack that is both healthy and delicious to fuel their active days Healthy Hummus A rainbow of colorful hummus variations Classic Hummus Only thoughtful ingredients and nutrient dense meals Organic Snacks We increase your [...]","protected":false},"author":1,"featured_media":0,"parent":0,"menu_order":0,"comment_status":"closed","ping_status":"closed","template":"","meta":{"nf_dc_page":"","om_disable_all_campaigns":false,"_monsterinsights_skip_tracking":false,"_monsterinsights_sitenote_active":false,"_monsterinsights_sitenote_note":"","_monsterinsights_sitenote_category":0,"footnotes":""},"class_list":["post-2783","page","type-page","status-publish","hentry"],"aioseo_notices":[],"aioseo_head":"\n\t\t<!-- All in One SEO Pro 4.9.6.2 - aioseo.com -->\n\t<meta name=\"description\" content=\"Our Gallery https:\/\/flavva.com\/fr\/gallery\/\" \/>\n\t<meta name=\"robots\" content=\"max-image-preview:large\" \/>\n\t<link rel=\"canonical\" href=\"https:\/\/flavva.com\/fr\/gallery\/\" \/>\n\t<meta name=\"generator\" content=\"All in One SEO Pro (AIOSEO) 4.9.6.2\" \/>\n\n\t\t<!-- Google tag (gtag.js) --> <script async src=\"https:\/\/www.googletagmanager.com\/gtag\/js?id=G-69XJVZCSR5\"><\/script> <script> window.dataLayer = window.dataLayer || []; function gtag(){dataLayer.push(arguments);} gtag('js', new Date()); gtag('config', 'G-69XJVZCSR5'); <\/script>\n<meta name=\"google-site-verification\" content=\"COYY6-0iXaNgCcNWpnBuNKP97PjfeVx-i5a19UJGWCw\" \/>\n\t\t<meta property=\"og:locale\" content=\"fr_CA\" \/>\n\t\t<meta property=\"og:site_name\" content=\"FLAVVA\u2122 | Premium Mediterranean Dips &amp; Hummus  Authentic Taste. Crafted in Canada. Premium Quality You Can Trust.\" \/>\n\t\t<meta property=\"og:type\" content=\"article\" \/>\n\t\t<meta property=\"og:title\" content=\"Our Gallery FLAVVA\u2122 | Premium Mediterranean Dips &amp; Hummus\" \/>\n\t\t<meta property=\"og:description\" content=\"Our Gallery https:\/\/flavva.com\/fr\/gallery\/\" \/>\n\t\t<meta property=\"og:url\" content=\"https:\/\/flavva.com\/fr\/gallery\/\" \/>\n\t\t<meta property=\"og:image\" content=\"https:\/\/flavva.com\/wp-content\/uploads\/2022\/05\/flavva_logo-1.png\" \/>\n\t\t<meta property=\"og:image:secure_url\" content=\"https:\/\/flavva.com\/wp-content\/uploads\/2022\/05\/flavva_logo-1.png\" \/>\n\t\t<meta property=\"og:image:width\" content=\"300\" \/>\n\t\t<meta property=\"og:image:height\" content=\"300\" \/>\n\t\t<meta property=\"article:published_time\" content=\"2015-12-11T09:38:50+00:00\" \/>\n\t\t<meta property=\"article:modified_time\" content=\"2023-03-25T19:57:59+00:00\" \/>\n\t\t<meta property=\"article:publisher\" content=\"https:\/\/www.facebook.com\/flavvafb\/\" \/>\n\t\t<meta name=\"twitter:card\" content=\"summary\" \/>\n\t\t<meta name=\"twitter:site\" content=\"@flavva6\" \/>\n\t\t<meta name=\"twitter:title\" content=\"Our Gallery FLAVVA\u2122 | Premium Mediterranean Dips &amp; Hummus\" \/>\n\t\t<meta name=\"twitter:description\" content=\"Our Gallery https:\/\/flavva.com\/fr\/gallery\/\" \/>\n\t\t<meta name=\"twitter:creator\" content=\"@flavva6\" \/>\n\t\t<meta name=\"twitter:image\" content=\"https:\/\/flavva.com\/wp-content\/uploads\/2022\/05\/flavva_logo_twitter-1.png\" \/>\n\t\t<script type=\"application\/ld+json\" class=\"aioseo-schema\">\n\t\t\t{\"@context\":\"https:\\\/\\\/schema.org\",\"@graph\":[{\"@type\":\"BreadcrumbList\",\"@id\":\"https:\\\/\\\/flavva.com\\\/fr\\\/gallery\\\/#breadcrumblist\",\"itemListElement\":[{\"@type\":\"ListItem\",\"@id\":\"https:\\\/\\\/flavva.com\\\/fr#listItem\",\"position\":1,\"name\":\"Home\",\"item\":\"https:\\\/\\\/flavva.com\\\/fr\",\"nextItem\":{\"@type\":\"ListItem\",\"@id\":\"https:\\\/\\\/flavva.com\\\/fr\\\/gallery\\\/#listItem\",\"name\":\"Our Gallery\"}},{\"@type\":\"ListItem\",\"@id\":\"https:\\\/\\\/flavva.com\\\/fr\\\/gallery\\\/#listItem\",\"position\":2,\"name\":\"Our Gallery\",\"previousItem\":{\"@type\":\"ListItem\",\"@id\":\"https:\\\/\\\/flavva.com\\\/fr#listItem\",\"name\":\"Home\"}}]},{\"@type\":\"Organization\",\"@id\":\"https:\\\/\\\/flavva.com\\\/fr\\\/#organization\",\"name\":\"FLAVVA\\u2122\",\"description\":\"FLAVVA\\u2122 is a Canadian food brand based in Quebec specializing in premium Mediterranean dips including hummus, garlic sauce, and baba ghanouj. Crafted with authentic recipes, premium ingredients, and exceptional quality, FLAVVA delivers refined flavor for modern consumers.\",\"url\":\"https:\\\/\\\/flavva.com\\\/fr\\\/\",\"email\":\"Info@flavva.com\",\"telephone\":\"+15146177877\",\"foundingDate\":\"2022-03-31\",\"numberOfEmployees\":{\"@type\":\"QuantitativeValue\",\"minValue\":0,\"maxValue\":25},\"logo\":{\"@type\":\"ImageObject\",\"url\":\"https:\\\/\\\/i0.wp.com\\\/flavva.com\\\/wp-content\\\/uploads\\\/2022\\\/05\\\/flavva_logo-1.png?fit=300%2C300&ssl=1\",\"@id\":\"https:\\\/\\\/flavva.com\\\/fr\\\/gallery\\\/#organizationLogo\",\"width\":300,\"height\":300,\"caption\":\"Flavva Logo\"},\"image\":{\"@id\":\"https:\\\/\\\/flavva.com\\\/fr\\\/gallery\\\/#organizationLogo\"},\"sameAs\":[\"https:\\\/\\\/www.facebook.com\\\/flavvafb\\\/\",\"https:\\\/\\\/twitter.com\\\/flavva6\",\"https:\\\/\\\/www.instagram.com\\\/flavvafood\\\/\",\"https:\\\/\\\/www.linkedin.com\\\/company\\\/flavva\\\/\"],\"address\":{\"@id\":\"https:\\\/\\\/flavva.com\\\/fr\\\/#postaladdress\",\"@type\":\"PostalAddress\",\"streetAddress\":\"1252 Rue Bergar,\",\"postalCode\":\"H7L 5A2\",\"addressLocality\":\"laval\",\"addressRegion\":\"Quebec\",\"addressCountry\":\"CA\"},\"iso6523Code\":\"0060:243323428\",\"duns\":\"243323428\",\"globalLocationNumber\":\"628634346051\"},{\"@type\":\"WebPage\",\"@id\":\"https:\\\/\\\/flavva.com\\\/fr\\\/gallery\\\/#webpage\",\"url\":\"https:\\\/\\\/flavva.com\\\/fr\\\/gallery\\\/\",\"name\":\"Our Gallery FLAVVA\\u2122 | Premium Mediterranean Dips & Hummus\",\"description\":\"Our Gallery https:\\\/\\\/flavva.com\\\/fr\\\/gallery\\\/\",\"inLanguage\":\"fr-CA\",\"isPartOf\":{\"@id\":\"https:\\\/\\\/flavva.com\\\/fr\\\/#website\"},\"breadcrumb\":{\"@id\":\"https:\\\/\\\/flavva.com\\\/fr\\\/gallery\\\/#breadcrumblist\"},\"datePublished\":\"2015-12-11T09:38:50-05:00\",\"dateModified\":\"2023-03-25T15:57:59-04:00\"},{\"@type\":\"WebSite\",\"@id\":\"https:\\\/\\\/flavva.com\\\/fr\\\/#website\",\"url\":\"https:\\\/\\\/flavva.com\\\/fr\\\/\",\"name\":\"Flavva Eat Healthy\",\"description\":\"Authentic Taste. Crafted in Canada. Premium Quality You Can Trust.\",\"inLanguage\":\"fr-CA\",\"publisher\":{\"@id\":\"https:\\\/\\\/flavva.com\\\/fr\\\/#organization\"}}]}\n\t\t<\/script>\n\t\t<!-- All in One SEO Pro -->\r\n\t\t<title>Our Gallery FLAVVA\u2122 | Premium Mediterranean Dips &amp; Hummus<\/title>\n\n","aioseo_head_json":{"title":"Our Gallery FLAVVA\u2122 | Premium Mediterranean Dips & Hummus","description":"Our Gallery https:\/\/flavva.com\/fr\/gallery\/","canonical_url":"https:\/\/flavva.com\/fr\/gallery\/","robots":"max-image-preview:large","keywords":"","webmasterTools":{"miscellaneous":"&lt;!-- Google tag (gtag.js) --&gt; &lt;script async src=\"https:\/\/www.googletagmanager.com\/gtag\/js?id=G-69XJVZCSR5\"&gt;&lt;\/script&gt; &lt;script&gt; window.dataLayer = window.dataLayer || []; function gtag(){dataLayer.push(arguments);} gtag('js', new Date()); gtag('config', 'G-69XJVZCSR5'); &lt;\/script&gt;\n&lt;meta name=\"google-site-verification\" content=\"COYY6-0iXaNgCcNWpnBuNKP97PjfeVx-i5a19UJGWCw\" \/&gt;"},"schema":{"@context":"https:\/\/schema.org","@graph":[{"@type":"BreadcrumbList","@id":"https:\/\/flavva.com\/fr\/gallery\/#breadcrumblist","itemListElement":[{"@type":"ListItem","@id":"https:\/\/flavva.com\/fr#listItem","position":1,"name":"Home","item":"https:\/\/flavva.com\/fr","nextItem":{"@type":"ListItem","@id":"https:\/\/flavva.com\/fr\/gallery\/#listItem","name":"Our Gallery"}},{"@type":"ListItem","@id":"https:\/\/flavva.com\/fr\/gallery\/#listItem","position":2,"name":"Our Gallery","previousItem":{"@type":"ListItem","@id":"https:\/\/flavva.com\/fr#listItem","name":"Home"}}]},{"@type":"Organization","@id":"https:\/\/flavva.com\/fr\/#organization","name":"FLAVVA\u2122","description":"FLAVVA\u2122 is a Canadian food brand based in Quebec specializing in premium Mediterranean dips including hummus, garlic sauce, and baba ghanouj. Crafted with authentic recipes, premium ingredients, and exceptional quality, FLAVVA delivers refined flavor for modern consumers.","url":"https:\/\/flavva.com\/fr\/","email":"Info@flavva.com","telephone":"+15146177877","foundingDate":"2022-03-31","numberOfEmployees":{"@type":"QuantitativeValue","minValue":0,"maxValue":25},"logo":{"@type":"ImageObject","url":"https:\/\/i0.wp.com\/flavva.com\/wp-content\/uploads\/2022\/05\/flavva_logo-1.png?fit=300%2C300&ssl=1","@id":"https:\/\/flavva.com\/fr\/gallery\/#organizationLogo","width":300,"height":300,"caption":"Flavva Logo"},"image":{"@id":"https:\/\/flavva.com\/fr\/gallery\/#organizationLogo"},"sameAs":["https:\/\/www.facebook.com\/flavvafb\/","https:\/\/twitter.com\/flavva6","https:\/\/www.instagram.com\/flavvafood\/","https:\/\/www.linkedin.com\/company\/flavva\/"],"address":{"@id":"https:\/\/flavva.com\/fr\/#postaladdress","@type":"PostalAddress","streetAddress":"1252 Rue Bergar,","postalCode":"H7L 5A2","addressLocality":"laval","addressRegion":"Quebec","addressCountry":"CA"},"iso6523Code":"0060:243323428","duns":"243323428","globalLocationNumber":"628634346051"},{"@type":"WebPage","@id":"https:\/\/flavva.com\/fr\/gallery\/#webpage","url":"https:\/\/flavva.com\/fr\/gallery\/","name":"Our Gallery FLAVVA\u2122 | Premium Mediterranean Dips & Hummus","description":"Our Gallery https:\/\/flavva.com\/fr\/gallery\/","inLanguage":"fr-CA","isPartOf":{"@id":"https:\/\/flavva.com\/fr\/#website"},"breadcrumb":{"@id":"https:\/\/flavva.com\/fr\/gallery\/#breadcrumblist"},"datePublished":"2015-12-11T09:38:50-05:00","dateModified":"2023-03-25T15:57:59-04:00"},{"@type":"WebSite","@id":"https:\/\/flavva.com\/fr\/#website","url":"https:\/\/flavva.com\/fr\/","name":"Flavva Eat Healthy","description":"Authentic Taste. Crafted in Canada. Premium Quality You Can Trust.","inLanguage":"fr-CA","publisher":{"@id":"https:\/\/flavva.com\/fr\/#organization"}}]},"og:locale":"fr_CA","og:site_name":"FLAVVA\u2122 | Premium Mediterranean Dips &amp; Hummus  Authentic Taste. Crafted in Canada. Premium Quality You Can Trust.","og:type":"article","og:title":"Our Gallery FLAVVA\u2122 | Premium Mediterranean Dips &amp; Hummus","og:description":"Our Gallery https:\/\/flavva.com\/fr\/gallery\/","og:url":"https:\/\/flavva.com\/fr\/gallery\/","og:image":"https:\/\/flavva.com\/wp-content\/uploads\/2022\/05\/flavva_logo-1.png","og:image:secure_url":"https:\/\/flavva.com\/wp-content\/uploads\/2022\/05\/flavva_logo-1.png","og:image:width":300,"og:image:height":300,"article:published_time":"2015-12-11T09:38:50+00:00","article:modified_time":"2023-03-25T19:57:59+00:00","article:publisher":"https:\/\/www.facebook.com\/flavvafb\/","twitter:card":"summary","twitter:site":"@flavva6","twitter:title":"Our Gallery FLAVVA\u2122 | Premium Mediterranean Dips &amp; Hummus","twitter:description":"Our Gallery https:\/\/flavva.com\/fr\/gallery\/","twitter:creator":"@flavva6","twitter:image":"https:\/\/flavva.com\/wp-content\/uploads\/2022\/05\/flavva_logo_twitter-1.png"},"aioseo_meta_data":{"post_id":"2783","title":null,"description":"#post_title #permalink","keywords":[],"keyphrases":{"focus":{"keyphrase":"FLAVVA Product Gallery","score":0,"analysis":[]}},"primary_term":null,"canonical_url":null,"og_title":null,"og_description":null,"og_object_type":"default","og_image_type":"custom_image","og_image_url":"https:\/\/flavva.com\/wp-content\/uploads\/2022\/05\/flavva_logo-1.png","og_image_width":"300","og_image_height":"300","og_image_custom_url":"https:\/\/flavva.com\/wp-content\/uploads\/2022\/05\/flavva_logo-1.png","og_image_custom_fields":null,"og_video":"","og_custom_url":null,"og_article_section":null,"og_article_tags":[],"twitter_use_og":false,"twitter_card":"default","twitter_image_type":"custom_image","twitter_image_url":"https:\/\/flavva.com\/wp-content\/uploads\/2022\/05\/flavva_logo_twitter-1.png","twitter_image_custom_url":"https:\/\/flavva.com\/wp-content\/uploads\/2022\/05\/flavva_logo_twitter-1.png","twitter_image_custom_fields":null,"twitter_title":null,"twitter_description":null,"schema":{"blockGraphs":[],"customGraphs":[],"default":{"data":{"Article":[],"Course":[],"Dataset":[],"FAQPage":[],"Movie":[],"Person":[],"Product":[],"ProductReview":[],"Car":[],"Recipe":[],"Service":[],"SoftwareApplication":[],"WebPage":[]},"graphName":"WebPage","isEnabled":true},"graphs":[],"defaultGraph":"WebPage","defaultPostTypeGraph":""},"schema_type":"default","schema_type_options":"{\"article\":{\"articleType\":\"BlogPosting\"},\"course\":{\"name\":\"\",\"description\":\"\",\"provider\":\"\"},\"faq\":{\"pages\":[]},\"product\":{\"reviews\":[]},\"recipe\":{\"ingredients\":[],\"instructions\":[],\"keywords\":[]},\"software\":{\"reviews\":[],\"operatingSystems\":[]},\"webPage\":{\"webPageType\":\"WebPage\"}}","pillar_content":false,"robots_default":true,"robots_noindex":false,"robots_noarchive":false,"robots_nosnippet":false,"robots_nofollow":false,"robots_noimageindex":false,"robots_noodp":false,"robots_notranslate":false,"robots_max_snippet":"-1","robots_max_videopreview":"-1","robots_max_imagepreview":"large","priority":null,"frequency":"default","local_seo":null,"seo_analyzer_scan_date":null,"breadcrumb_settings":null,"limit_modified_date":false,"reviewed_by":null,"open_ai":"{\"title\":{\"suggestions\":[],\"usage\":0},\"description\":{\"suggestions\":[],\"usage\":0}}","ai":null,"created":"2022-04-05 16:44:35","updated":"2026-04-25 01:41:50"},"aioseo_breadcrumb":"<div class=\"aioseo-breadcrumbs\"><span class=\"aioseo-breadcrumb\">\n\t<a href=\"https:\/\/flavva.com\/fr\" title=\"Home\">Home<\/a>\n<\/span><span class=\"aioseo-breadcrumb-separator\">&raquo;<\/span><span class=\"aioseo-breadcrumb\">\n\tOur Gallery\n<\/span><\/div>","aioseo_breadcrumb_json":[{"label":"Home","link":"https:\/\/flavva.com\/fr"},{"label":"Our Gallery","link":"https:\/\/flavva.com\/fr\/gallery\/"}],"_links":{"self":[{"href":"https:\/\/flavva.com\/fr\/wp-json\/wp\/v2\/pages\/2783","targetHints":{"allow":["GET"]}}],"collection":[{"href":"https:\/\/flavva.com\/fr\/wp-json\/wp\/v2\/pages"}],"about":[{"href":"https:\/\/flavva.com\/fr\/wp-json\/wp\/v2\/types\/page"}],"author":[{"embeddable":true,"href":"https:\/\/flavva.com\/fr\/wp-json\/wp\/v2\/users\/1"}],"replies":[{"embeddable":true,"href":"https:\/\/flavva.com\/fr\/wp-json\/wp\/v2\/comments?post=2783"}],"version-history":[{"count":0,"href":"https:\/\/flavva.com\/fr\/wp-json\/wp\/v2\/pages\/2783\/revisions"}],"wp:attachment":[{"href":"https:\/\/flavva.com\/fr\/wp-json\/wp\/v2\/media?parent=2783"}],"curies":[{"name":"wp","href":"https:\/\/api.w.org\/{rel}","templated":true}]}}