{"id":3907,"date":"2022-04-05T18:27:25","date_gmt":"2022-04-05T14:27:25","guid":{"rendered":"http:\/\/box5346.temp.domains\/~flavvaco\/?page_id=3907"},"modified":"2025-11-06T04:27:00","modified_gmt":"2025-11-06T09:27:00","slug":"our-innovation","status":"publish","type":"page","link":"https:\/\/flavva.com\/fr\/our-innovation\/","title":{"rendered":"Notre innovation"},"content":{"rendered":"<div class=\"wpb-content-wrapper\"><div class=\"vc_row wpb_row vc_row-fluid vc_row-o-content-middle vc_row-flex\"><div class=\"wpb_column vc_column_container vc_col-sm-12 vc_col-lg-6 vc_col-md-6 vc_col-xs-12\"><div class=\"vc_column-inner\"><div class=\"wpb_wrapper\"><div class=\"vc_empty_space\"   style=\"height: 2em\"><span class=\"vc_empty_space_inner\"><\/span><\/div><div class=\"sc_section aligncenter\"><div class=\"sc_section_inner\"><figure class=\"sc_image  sc_image_shape_square\"><img decoding=\"async\" src=\"https:\/\/i0.wp.com\/flavva.com\/wp-content\/uploads\/2022\/04\/Flavva-unique-cooking-machine.jpg?fit=1200%2C770&#038;ssl=1\" alt=\"\" \/><\/figure><\/div><\/div><div class=\"vc_empty_space\"   style=\"height: 2em\"><span class=\"vc_empty_space_inner\"><\/span><\/div><\/div><\/div><\/div><div class=\"wpb_column vc_column_container vc_col-sm-12 vc_col-lg-6 vc_col-md-6 vc_col-xs-12\"><div class=\"vc_column-inner\"><div class=\"wpb_wrapper\"><div class=\"vc_empty_space\"   style=\"height: 3em\"><span class=\"vc_empty_space_inner\"><\/span><\/div><div class=\"sc_section\"><div class=\"sc_section_inner\">\n\t<div class=\"wpb_text_column wpb_content_element\" >\n\t\t<div class=\"wpb_wrapper\">\n\t\t\t<h2 style=\"font-size: 24px; text-transform: none; margin-bottom: 20px;\"><strong>La technique d'alimentation saine de Flavva<\/strong><\/h2>\n\n\t\t<\/div>\n\t<\/div>\n<p style=\"color: #4c4841;line-height: 1.75em;text-align: justify\" class=\"vc_custom_heading vc_do_custom_heading\" >L'\u00e9quipement de cuisson par lots \u00e9co\u00e9nerg\u00e9tique Flavva utilise des techniques culinaires et des m\u00e9thodes de cuisson exclusives qui lui conf\u00e8rent consistance et pr\u00e9cision pour r\u00e9pondre \u00e0 ses normes \u00e9lev\u00e9es.<\/p><\/div><\/div>\n\t<div class=\"wpb_text_column wpb_content_element\" >\n\t\t<div class=\"wpb_wrapper\">\n\t\t\t<p>Cette technique consiste \u00e0 <strong>emballer les mati\u00e8res premi\u00e8res<\/strong> premi\u00e8res et \u00e0 les placer \u00e0 l'int\u00e9rieur de la machine par lots. Un logiciel propri\u00e9taire suit un algorithme sp\u00e9cifique bas\u00e9 sur la recette de repas s\u00e9lectionn\u00e9e.<br \/>\nCette technique :<\/p>\n<ul>\n<li>Tue la plupart des bact\u00e9ries.<\/li>\n<li>Pr\u00e9serve toutes les vitamines.<\/li>\n<li>Conserve l'apparence, la texture et les saveurs les plus authentiques des aliments.<\/li>\n<li>Am\u00e9liore la s\u00e9curit\u00e9 et la dur\u00e9e de conservation du produit jusqu'\u00e0 un an <strong>sans conservateur.<\/strong>.<\/li>\n<\/ul>\n<p>Les aliments sont soumis \u00e0 une cure pour des r\u00e9sultats am\u00e9lior\u00e9s.<br \/>\nC'est le secret commercial de Flavva.<br \/>\nLe secret commercial et le processus de Flavva peuvent \u00eatre appliqu\u00e9s \u00e0 n'importe quel aliment ethnique.<\/p>\n\n\t\t<\/div>\n\t<\/div>\n<\/div><\/div><\/div><\/div>\n<\/div>","protected":false},"excerpt":{"rendered":"Flavva's Healthy Food Technique Flavva energy-efficient batch-cooking equipment practices exclusive culinary techniques and cooking methods giving it consistency and precision to meet its high standards. This technique consists of packing raw ingredients and placing them inside the machine in batches. A proprietary software follows a specific algorithm based on the meal recipe selected. This technique: [...]","protected":false},"author":1,"featured_media":0,"parent":0,"menu_order":0,"comment_status":"closed","ping_status":"closed","template":"","meta":{"nf_dc_page":"","_monsterinsights_skip_tracking":false,"_monsterinsights_sitenote_active":false,"_monsterinsights_sitenote_note":"","_monsterinsights_sitenote_category":0,"footnotes":""},"class_list":["post-3907","page","type-page","status-publish","hentry"],"aioseo_notices":[],"aioseo_head":"\n\t\t<!-- All in One SEO Pro 4.9.5.2 - aioseo.com -->\n\t<meta name=\"description\" content=\"Flavva\u2019s Unique Cooking Machine eliminates bacteria, preserves vitamins and flavor, &amp; extends food shelf life to one year without added preservatives.\" \/>\n\t<meta name=\"robots\" content=\"max-image-preview:large\" \/>\n\t<link rel=\"canonical\" href=\"https:\/\/flavva.com\/fr\/our-innovation\/\" \/>\n\t<meta name=\"generator\" content=\"All in One SEO Pro (AIOSEO) 4.9.5.2\" \/>\n\n\t\t<!-- Google tag (gtag.js) --> <script async src=\"https:\/\/www.googletagmanager.com\/gtag\/js?id=G-69XJVZCSR5\"><\/script> <script> window.dataLayer = window.dataLayer || []; function gtag(){dataLayer.push(arguments);} gtag('js', new Date()); gtag('config', 'G-69XJVZCSR5'); <\/script>\n<meta name=\"google-site-verification\" content=\"COYY6-0iXaNgCcNWpnBuNKP97PjfeVx-i5a19UJGWCw\" \/>\n\t\t<meta property=\"og:locale\" content=\"fr_CA\" \/>\n\t\t<meta property=\"og:site_name\" content=\"Flavva Eat Healthy\" \/>\n\t\t<meta property=\"og:type\" content=\"article\" \/>\n\t\t<meta property=\"og:title\" content=\"Flavva Innovation | Unique Cooking Machine &amp; Process\" \/>\n\t\t<meta property=\"og:description\" content=\"Flavva\u2019s Unique Cooking Machine eliminates bacteria, preserves vitamins and flavor, &amp; extends food shelf life to one year without added preservatives.\" \/>\n\t\t<meta property=\"og:url\" content=\"https:\/\/flavva.com\/fr\/our-innovation\/\" \/>\n\t\t<meta property=\"og:image\" content=\"https:\/\/flavva.com\/wp-content\/uploads\/2022\/05\/flavva_logo-1.png\" \/>\n\t\t<meta property=\"og:image:secure_url\" content=\"https:\/\/flavva.com\/wp-content\/uploads\/2022\/05\/flavva_logo-1.png\" \/>\n\t\t<meta property=\"og:image:width\" content=\"300\" \/>\n\t\t<meta property=\"og:image:height\" content=\"300\" \/>\n\t\t<meta property=\"article:published_time\" content=\"2022-04-05T14:27:25+00:00\" \/>\n\t\t<meta property=\"article:modified_time\" content=\"2025-11-06T09:27:00+00:00\" \/>\n\t\t<meta property=\"article:publisher\" content=\"https:\/\/www.facebook.com\/flavvafb\/\" \/>\n\t\t<meta name=\"twitter:card\" content=\"summary\" \/>\n\t\t<meta name=\"twitter:site\" content=\"@flavva6\" \/>\n\t\t<meta name=\"twitter:title\" content=\"Flavva Innovation | Unique Cooking Machine &amp; Process\" \/>\n\t\t<meta name=\"twitter:description\" content=\"Flavva\u2019s Unique Cooking Machine eliminates bacteria, preserves vitamins and flavor, &amp; extends food shelf life to one year without added preservatives.\" \/>\n\t\t<meta name=\"twitter:creator\" content=\"@flavva6\" \/>\n\t\t<meta name=\"twitter:image\" content=\"https:\/\/flavva.com\/wp-content\/uploads\/2022\/05\/flavva_logo_twitter-1.png\" \/>\n\t\t<script type=\"application\/ld+json\" class=\"aioseo-schema\">\n\t\t\t{\"@context\":\"https:\\\/\\\/schema.org\",\"@graph\":[{\"@type\":\"BreadcrumbList\",\"@id\":\"https:\\\/\\\/flavva.com\\\/fr\\\/our-innovation\\\/#breadcrumblist\",\"itemListElement\":[{\"@type\":\"ListItem\",\"@id\":\"https:\\\/\\\/flavva.com\\\/fr#listItem\",\"position\":1,\"name\":\"Home\",\"item\":\"https:\\\/\\\/flavva.com\\\/fr\",\"nextItem\":{\"@type\":\"ListItem\",\"@id\":\"https:\\\/\\\/flavva.com\\\/fr\\\/our-innovation\\\/#listItem\",\"name\":\"Our Innovation\"}},{\"@type\":\"ListItem\",\"@id\":\"https:\\\/\\\/flavva.com\\\/fr\\\/our-innovation\\\/#listItem\",\"position\":2,\"name\":\"Our Innovation\",\"previousItem\":{\"@type\":\"ListItem\",\"@id\":\"https:\\\/\\\/flavva.com\\\/fr#listItem\",\"name\":\"Home\"}}]},{\"@type\":\"Organization\",\"@id\":\"https:\\\/\\\/flavva.com\\\/fr\\\/#organization\",\"name\":\"Flavva Eat Healthy\",\"url\":\"https:\\\/\\\/flavva.com\\\/fr\\\/\",\"email\":\"info@flavva.com\",\"telephone\":\"+15146177877\",\"logo\":{\"@type\":\"ImageObject\",\"url\":\"https:\\\/\\\/i0.wp.com\\\/flavva.com\\\/wp-content\\\/uploads\\\/2022\\\/05\\\/flavva_logo-1.png?fit=300%2C300&ssl=1\",\"@id\":\"https:\\\/\\\/flavva.com\\\/fr\\\/our-innovation\\\/#organizationLogo\",\"width\":300,\"height\":300,\"caption\":\"Flavva Logo\"},\"image\":{\"@id\":\"https:\\\/\\\/flavva.com\\\/fr\\\/our-innovation\\\/#organizationLogo\"},\"sameAs\":[\"https:\\\/\\\/www.facebook.com\\\/flavvafb\\\/\",\"https:\\\/\\\/twitter.com\\\/flavva6\",\"https:\\\/\\\/www.instagram.com\\\/flavvafood\\\/\",\"https:\\\/\\\/www.linkedin.com\\\/company\\\/flavva\\\/\"],\"address\":{\"@id\":\"https:\\\/\\\/flavva.com\\\/fr\\\/#postaladdress\",\"@type\":\"PostalAddress\",\"streetAddress\":\"3850 boulevard saint-Ezear o,\",\"postalCode\":\"H7P0L4\",\"addressLocality\":\"laval\",\"addressRegion\":\"Quebec\",\"addressCountry\":\"CA\"}},{\"@type\":\"WebPage\",\"@id\":\"https:\\\/\\\/flavva.com\\\/fr\\\/our-innovation\\\/#webpage\",\"url\":\"https:\\\/\\\/flavva.com\\\/fr\\\/our-innovation\\\/\",\"name\":\"Flavva Innovation | Unique Cooking Machine & Process\",\"description\":\"Flavva\\u2019s Unique Cooking Machine eliminates bacteria, preserves vitamins and flavor, & extends food shelf life to one year without added preservatives.\",\"inLanguage\":\"fr-CA\",\"isPartOf\":{\"@id\":\"https:\\\/\\\/flavva.com\\\/fr\\\/#website\"},\"breadcrumb\":{\"@id\":\"https:\\\/\\\/flavva.com\\\/fr\\\/our-innovation\\\/#breadcrumblist\"},\"datePublished\":\"2022-04-05T18:27:25-04:00\",\"dateModified\":\"2025-11-06T04:27:00-05:00\"},{\"@type\":\"WebSite\",\"@id\":\"https:\\\/\\\/flavva.com\\\/fr\\\/#website\",\"url\":\"https:\\\/\\\/flavva.com\\\/fr\\\/\",\"name\":\"Flavva Eat Healthy\",\"inLanguage\":\"fr-CA\",\"publisher\":{\"@id\":\"https:\\\/\\\/flavva.com\\\/fr\\\/#organization\"}}]}\n\t\t<\/script>\n\t\t<!-- All in One SEO Pro -->\r\n\t\t<title>Flavva Innovation | Unique Cooking Machine &amp; Process<\/title>\n\n","aioseo_head_json":{"title":"Flavva Innovation | Unique Cooking Machine & Process","description":"Flavva\u2019s Unique Cooking Machine eliminates bacteria, preserves vitamins and flavor, & extends food shelf life to one year without added preservatives.","canonical_url":"https:\/\/flavva.com\/fr\/our-innovation\/","robots":"max-image-preview:large","keywords":"","webmasterTools":{"miscellaneous":"&lt;!-- Google tag (gtag.js) --&gt; &lt;script async src=\"https:\/\/www.googletagmanager.com\/gtag\/js?id=G-69XJVZCSR5\"&gt;&lt;\/script&gt; &lt;script&gt; window.dataLayer = window.dataLayer || []; function gtag(){dataLayer.push(arguments);} gtag('js', new Date()); gtag('config', 'G-69XJVZCSR5'); &lt;\/script&gt;\n&lt;meta name=\"google-site-verification\" content=\"COYY6-0iXaNgCcNWpnBuNKP97PjfeVx-i5a19UJGWCw\" \/&gt;"},"schema":{"@context":"https:\/\/schema.org","@graph":[{"@type":"BreadcrumbList","@id":"https:\/\/flavva.com\/fr\/our-innovation\/#breadcrumblist","itemListElement":[{"@type":"ListItem","@id":"https:\/\/flavva.com\/fr#listItem","position":1,"name":"Home","item":"https:\/\/flavva.com\/fr","nextItem":{"@type":"ListItem","@id":"https:\/\/flavva.com\/fr\/our-innovation\/#listItem","name":"Our Innovation"}},{"@type":"ListItem","@id":"https:\/\/flavva.com\/fr\/our-innovation\/#listItem","position":2,"name":"Our Innovation","previousItem":{"@type":"ListItem","@id":"https:\/\/flavva.com\/fr#listItem","name":"Home"}}]},{"@type":"Organization","@id":"https:\/\/flavva.com\/fr\/#organization","name":"Flavva Eat Healthy","url":"https:\/\/flavva.com\/fr\/","email":"info@flavva.com","telephone":"+15146177877","logo":{"@type":"ImageObject","url":"https:\/\/i0.wp.com\/flavva.com\/wp-content\/uploads\/2022\/05\/flavva_logo-1.png?fit=300%2C300&ssl=1","@id":"https:\/\/flavva.com\/fr\/our-innovation\/#organizationLogo","width":300,"height":300,"caption":"Flavva Logo"},"image":{"@id":"https:\/\/flavva.com\/fr\/our-innovation\/#organizationLogo"},"sameAs":["https:\/\/www.facebook.com\/flavvafb\/","https:\/\/twitter.com\/flavva6","https:\/\/www.instagram.com\/flavvafood\/","https:\/\/www.linkedin.com\/company\/flavva\/"],"address":{"@id":"https:\/\/flavva.com\/fr\/#postaladdress","@type":"PostalAddress","streetAddress":"3850 boulevard saint-Ezear o,","postalCode":"H7P0L4","addressLocality":"laval","addressRegion":"Quebec","addressCountry":"CA"}},{"@type":"WebPage","@id":"https:\/\/flavva.com\/fr\/our-innovation\/#webpage","url":"https:\/\/flavva.com\/fr\/our-innovation\/","name":"Flavva Innovation | Unique Cooking Machine & Process","description":"Flavva\u2019s Unique Cooking Machine eliminates bacteria, preserves vitamins and flavor, & extends food shelf life to one year without added preservatives.","inLanguage":"fr-CA","isPartOf":{"@id":"https:\/\/flavva.com\/fr\/#website"},"breadcrumb":{"@id":"https:\/\/flavva.com\/fr\/our-innovation\/#breadcrumblist"},"datePublished":"2022-04-05T18:27:25-04:00","dateModified":"2025-11-06T04:27:00-05:00"},{"@type":"WebSite","@id":"https:\/\/flavva.com\/fr\/#website","url":"https:\/\/flavva.com\/fr\/","name":"Flavva Eat Healthy","inLanguage":"fr-CA","publisher":{"@id":"https:\/\/flavva.com\/fr\/#organization"}}]},"og:locale":"fr_CA","og:site_name":"Flavva Eat Healthy","og:type":"article","og:title":"Flavva Innovation | Unique Cooking Machine &amp; Process","og:description":"Flavva\u2019s Unique Cooking Machine eliminates bacteria, preserves vitamins and flavor, &amp; extends food shelf life to one year without added preservatives.","og:url":"https:\/\/flavva.com\/fr\/our-innovation\/","og:image":"https:\/\/flavva.com\/wp-content\/uploads\/2022\/05\/flavva_logo-1.png","og:image:secure_url":"https:\/\/flavva.com\/wp-content\/uploads\/2022\/05\/flavva_logo-1.png","og:image:width":300,"og:image:height":300,"article:published_time":"2022-04-05T14:27:25+00:00","article:modified_time":"2025-11-06T09:27:00+00:00","article:publisher":"https:\/\/www.facebook.com\/flavvafb\/","twitter:card":"summary","twitter:site":"@flavva6","twitter:title":"Flavva Innovation | Unique Cooking Machine &amp; Process","twitter:description":"Flavva\u2019s Unique Cooking Machine eliminates bacteria, preserves vitamins and flavor, &amp; extends food shelf life to one year without added preservatives.","twitter:creator":"@flavva6","twitter:image":"https:\/\/flavva.com\/wp-content\/uploads\/2022\/05\/flavva_logo_twitter-1.png"},"aioseo_meta_data":{"post_id":"3907","title":"Flavva Innovation | Unique Cooking Machine &amp; Process","description":"Flavva\u2019s Unique Cooking Machine eliminates bacteria, preserves vitamins and flavor, &amp; extends food shelf life to one year without added preservatives.","keywords":null,"keyphrases":{"focus":{"keyphrase":"Unique Cooking Machine","score":54,"analysis":{"keyphraseInTitle":{"score":9,"maxScore":9,"error":0},"keyphraseInDescription":{"score":9,"maxScore":9,"error":0},"keyphraseLength":{"score":9,"maxScore":9,"error":0,"length":3},"keyphraseInURL":{"score":1,"maxScore":5,"error":1},"keyphraseInIntroduction":{"score":3,"maxScore":9,"error":1},"keyphraseInSubHeadings":{"score":3,"maxScore":9,"error":1},"keyphraseInImageAlt":{"score":3,"maxScore":9,"error":1},"keywordDensity":{"score":0,"type":"low","maxScore":9,"error":1}}},"additional":[]},"primary_term":null,"canonical_url":null,"og_title":"Flavva Innovation | Unique Cooking Machine &amp; Process","og_description":"Flavva\u2019s Unique Cooking Machine eliminates bacteria, preserves vitamins and flavor, &amp; extends food shelf life to one year without added preservatives.","og_object_type":"default","og_image_type":"custom_image","og_image_url":"https:\/\/flavva.com\/wp-content\/uploads\/2022\/05\/flavva_logo-1.png","og_image_width":"300","og_image_height":"300","og_image_custom_url":"https:\/\/flavva.com\/wp-content\/uploads\/2022\/05\/flavva_logo-1.png","og_image_custom_fields":null,"og_video":"","og_custom_url":null,"og_article_section":null,"og_article_tags":null,"twitter_use_og":false,"twitter_card":"default","twitter_image_type":"custom_image","twitter_image_url":"https:\/\/flavva.com\/wp-content\/uploads\/2022\/05\/flavva_logo_twitter-1.png","twitter_image_custom_url":"https:\/\/flavva.com\/wp-content\/uploads\/2022\/05\/flavva_logo_twitter-1.png","twitter_image_custom_fields":null,"twitter_title":null,"twitter_description":null,"schema":{"blockGraphs":[],"customGraphs":[],"default":{"data":{"Article":[],"Course":[],"Dataset":[],"FAQPage":[],"Movie":[],"Person":[],"Product":[],"ProductReview":[],"Car":[],"Recipe":[],"Service":[],"SoftwareApplication":[],"WebPage":[]},"graphName":"WebPage","isEnabled":true},"graphs":[],"defaultGraph":"WebPage","defaultPostTypeGraph":""},"schema_type":"default","schema_type_options":"{\"article\":{\"articleType\":\"BlogPosting\"},\"course\":{\"name\":\"\",\"description\":\"\",\"provider\":\"\"},\"faq\":{\"pages\":[]},\"product\":{\"reviews\":[]},\"recipe\":{\"ingredients\":[],\"instructions\":[],\"keywords\":[]},\"software\":{\"reviews\":[],\"operatingSystems\":[]},\"webPage\":{\"webPageType\":\"WebPage\"}}","pillar_content":false,"robots_default":true,"robots_noindex":false,"robots_noarchive":false,"robots_nosnippet":false,"robots_nofollow":false,"robots_noimageindex":false,"robots_noodp":false,"robots_notranslate":false,"robots_max_snippet":"-1","robots_max_videopreview":"-1","robots_max_imagepreview":"large","priority":null,"frequency":"default","local_seo":null,"seo_analyzer_scan_date":"2025-11-06 09:33:10","breadcrumb_settings":null,"limit_modified_date":false,"open_ai":null,"ai":{"faqs":[],"keyPoints":[],"titles":[],"descriptions":[],"socialPosts":{"email":[],"linkedin":[],"twitter":[],"facebook":[],"instagram":[]}},"created":"2022-04-05 16:44:35","updated":"2025-11-06 09:39:26"},"aioseo_breadcrumb":"<div class=\"aioseo-breadcrumbs\"><span class=\"aioseo-breadcrumb\">\n\t<a href=\"https:\/\/flavva.com\/fr\" title=\"Home\">Home<\/a>\n<\/span><span class=\"aioseo-breadcrumb-separator\">&raquo;<\/span><span class=\"aioseo-breadcrumb\">\n\tOur Innovation\n<\/span><\/div>","aioseo_breadcrumb_json":[{"label":"Home","link":"https:\/\/flavva.com\/fr"},{"label":"Our Innovation","link":"https:\/\/flavva.com\/fr\/our-innovation\/"}],"_links":{"self":[{"href":"https:\/\/flavva.com\/fr\/wp-json\/wp\/v2\/pages\/3907","targetHints":{"allow":["GET"]}}],"collection":[{"href":"https:\/\/flavva.com\/fr\/wp-json\/wp\/v2\/pages"}],"about":[{"href":"https:\/\/flavva.com\/fr\/wp-json\/wp\/v2\/types\/page"}],"author":[{"embeddable":true,"href":"https:\/\/flavva.com\/fr\/wp-json\/wp\/v2\/users\/1"}],"replies":[{"embeddable":true,"href":"https:\/\/flavva.com\/fr\/wp-json\/wp\/v2\/comments?post=3907"}],"version-history":[{"count":0,"href":"https:\/\/flavva.com\/fr\/wp-json\/wp\/v2\/pages\/3907\/revisions"}],"wp:attachment":[{"href":"https:\/\/flavva.com\/fr\/wp-json\/wp\/v2\/media?parent=3907"}],"curies":[{"name":"wp","href":"https:\/\/api.w.org\/{rel}","templated":true}]}}