{"id":4919,"date":"2024-02-29T08:25:18","date_gmt":"2024-02-29T13:25:18","guid":{"rendered":"https:\/\/flavva.com\/?page_id=4919"},"modified":"2025-12-25T05:03:23","modified_gmt":"2025-12-25T10:03:23","slug":"contact","status":"publish","type":"page","link":"https:\/\/flavva.com\/fr\/contact\/","title":{"rendered":"Contacter Nous"},"content":{"rendered":"<div class=\"wpb-content-wrapper\"><div data-vc-full-width=\"true\" data-vc-full-width-temp=\"true\" data-vc-full-width-init=\"false\" data-vc-stretch-content=\"true\" class=\"vc_row wpb_row vc_row-fluid vc_column-gap-30 vc_row-no-padding\"><div class=\"wpb_column vc_column_container vc_col-sm-6\"><div class=\"vc_column-inner\"><div class=\"wpb_wrapper\"><div id=\"sc_googlemap_2118217421\" class=\"sc_googlemap\" style=\"width:100%;height:450px;\" data-zoom=\"14\" data-style=\"pleasant\"><iframe src=\"https:\/\/maps.google.com\/maps?t=m&output=embed&iwloc=near&z=14&q=1252+Rue+Bergar%2C+Laval%2C+QC%2C+CANADA%2C+H7L+5A2\" scrolling=\"no\" marginheight=\"0\" marginwidth=\"0\" frameborder=\"0\" aria-label=\"Flavva CANADA\"><\/iframe><\/div><\/div><\/div><\/div><div class=\"wpb_column vc_column_container vc_col-sm-6\"><div class=\"vc_column-inner\"><div class=\"wpb_wrapper\"><div id=\"sc_googlemap_1981259237\" class=\"sc_googlemap\" style=\"width:100%;height:450px;\" data-zoom=\"14\" data-style=\"pleasant\"><iframe src=\"https:\/\/maps.google.com\/maps?t=m&output=embed&iwloc=near&z=14&q=179+Straitsville+Rd%2C+Prospect%2C+CT+06712%2C+USA\" scrolling=\"no\" marginheight=\"0\" marginwidth=\"0\" frameborder=\"0\" aria-label=\"Flavva USA\"><\/iframe><\/div><\/div><\/div><\/div><\/div><div class=\"vc_row-full-width vc_clearfix\"><\/div><div class=\"vc_row wpb_row vc_row-fluid vc_custom_1439909374065 vc_row-has-fill\"><div class=\"wpb_column vc_column_container vc_col-sm-12\"><div class=\"vc_column-inner\"><div class=\"wpb_wrapper\"><div class=\"vc_empty_space\"   style=\"height: 3em\"><span class=\"vc_empty_space_inner\"><\/span><\/div><div class=\"columns_wrap sc_columns columns_nofluid sc_columns_count_3\"><div class=\"column-1_3 sc_column_item sc_column_item_1 sc_form sc_form_style_form_2 odd first\"><\/div><div class=\"column-2_3 sc_column_item sc_column_item_2 even span_2\"><h5 class=\"sc_title sc_title_regular sc_align_center\" style=\"margin-top:0px;margin-bottom:0.25em;text-align:center;color:#80b500;font-size:0.923em;\">Contact form<\/h5><h2 class=\"sc_title sc_title_regular sc_align_center\" style=\"margin-top:0px;margin-bottom:0.5em;text-align:center;\"><\/p>\n<h1><strong>Get in touch<\/strong> with us<\/h1>\n<p><\/h2>\n\t<div class=\"wpb_text_column wpb_content_element\" >\n\t\t<div class=\"wpb_wrapper\">\n\t\t\t<p style=\"text-align: center; font-size: 15px; line-height: 18px;\">All your meals delivered fresh, clean and convenient straight to your door, ready-to-eat.<br \/>\nCurrent delivery within Canada, USA and France. We are expanding !<\/p>\n\n\t\t<\/div>\n\t<\/div>\n<\/div><\/div><\/div><\/div><\/div><\/div><div class=\"vc_row wpb_row vc_row-fluid vc_custom_1439909374065 vc_row-has-fill\"><div class=\"wpb_column vc_column_container vc_col-sm-12\"><div class=\"vc_column-inner\"><div class=\"wpb_wrapper\"><div class=\"vc_empty_space\"   style=\"height: 1em\"><span class=\"vc_empty_space_inner\"><\/span><\/div><div class=\"columns_wrap sc_columns columns_nofluid sc_columns_count_3\"><div class=\"column-1_3 sc_column_item sc_column_item_1 sc_form sc_form_style_form_2 odd first\">\n\t<div class=\"wpb_text_column wpb_content_element sc_form_address_field\" >\n\t\t<div class=\"wpb_wrapper\">\n\t\t\t<p><strong><span style=\"text-align: left; color: #80b500;\">Adresse au Canada<\/span><\/strong><br \/>\n1252 Rue Bergar,<br \/>\nLaval, QC, H7L 5A2, Canada<br \/>\n<span style=\"text-align: left; color: #80b500;\">Num\u00e9ro de t\u00e9l\u00e9phone<\/span><br \/>\n+1 (514) 617-7877<\/p>\n<p><strong><span style=\"text-align: left; color: #80b500;\">Adresse aux \u00c9tats-Unis<\/span><\/strong><br \/>\n179 Straitsville Rd, Prospect,<br \/>\nCT 06712, USA<br \/>\n<span style=\"text-align: left; color: #80b500;\">Num\u00e9ro de t\u00e9l\u00e9phone<\/span><br \/>\n+1 (949) 783-6255<\/p>\n\n\t\t<\/div>\n\t<\/div>\n\n\t<div class=\"wpb_text_column wpb_content_element sc_form_address_field\" >\n\t\t<div class=\"wpb_wrapper\">\n\t\t\t<p><span style=\"text-align: left; color: #80b500;\">Have any questions<\/span><br \/>\n<a style=\"color: #555555;\" href=\"mailto:info@flavva.com\">info@flavva.com<\/a><\/p>\n\n\t\t<\/div>\n\t<\/div>\n\n\t<div class=\"wpb_text_column wpb_content_element sc_form_address_field\" >\n\t\t<div class=\"wpb_wrapper\">\n\t\t\t<p><span style=\"text-align: left; color: #80b500;\">We are open<\/span><br \/>\nMonday &#8211; Friday 10AM &#8211; 8PM<\/p>\n\n\t\t<\/div>\n\t<\/div>\n<div class=\"sc_socials sc_socials_type_icons sc_socials_shape_round sc_socials_size_tiny\" style=\"margin-bottom:34px;\"><div class=\"sc_socials_item\"><a href=\"https:\/\/twitter.com\/flavva6\" target=\"_blank\" class=\"social_icons social_twitter-1\"><span class=\"icon-twitter-1\"><\/span><\/a><\/div><div class=\"sc_socials_item\"><a href=\"https:\/\/www.facebook.com\/flavvafb\/\" target=\"_blank\" class=\"social_icons social_facebook\"><span class=\"icon-facebook\"><\/span><\/a><\/div><div class=\"sc_socials_item\"><a href=\"https:\/\/www.instagram.com\/flavvafood\/\" target=\"_blank\" class=\"social_icons social_instagramm\"><span class=\"icon-instagramm\"><\/span><\/a><\/div><div class=\"sc_socials_item\"><a href=\"https:\/\/www.linkedin.com\/company\/flavva\/\" target=\"_blank\" class=\"social_icons social_linkedin\"><span class=\"icon-linkedin\"><\/span><\/a><\/div><\/div><\/div><div class=\"column-2_3 sc_column_item sc_column_item_2 even span_2\">\n<div class=\"wpcf7 no-js\" id=\"wpcf7-f3253-o1\" lang=\"en-US\" dir=\"ltr\" data-wpcf7-id=\"3253\">\n<div class=\"screen-reader-response\"><p role=\"status\" aria-live=\"polite\" aria-atomic=\"true\"><\/p> <ul><\/ul><\/div>\n<form action=\"\/fr\/wp-json\/wp\/v2\/pages\/4919#wpcf7-f3253-o1\" method=\"post\" class=\"wpcf7-form init\" aria-label=\"Contact form\" novalidate=\"novalidate\" data-status=\"init\" data-trp-original-action=\"\/fr\/wp-json\/wp\/v2\/pages\/4919#wpcf7-f3253-o1\">\n<fieldset class=\"hidden-fields-container\"><input type=\"hidden\" name=\"_wpcf7\" value=\"3253\" \/><input type=\"hidden\" name=\"_wpcf7_version\" value=\"6.1.5\" \/><input type=\"hidden\" name=\"_wpcf7_locale\" value=\"en_US\" \/><input type=\"hidden\" name=\"_wpcf7_unit_tag\" value=\"wpcf7-f3253-o1\" \/><input type=\"hidden\" name=\"_wpcf7_container_post\" value=\"0\" \/><input type=\"hidden\" name=\"_wpcf7_posted_data_hash\" value=\"\" \/><input type=\"hidden\" name=\"_wpcf7_recaptcha_response\" value=\"\" \/>\n<\/fieldset>\n<p><span class=\"wpcf7-form-control-wrap\" data-name=\"text-962\"><input size=\"40\" maxlength=\"400\" class=\"wpcf7-form-control wpcf7-text wpcf7-validates-as-required\" aria-required=\"true\" aria-invalid=\"false\" placeholder=\"Name *\" value=\"\" type=\"text\" name=\"text-962\" \/><\/span>\n<\/p>\n<p><span class=\"wpcf7-form-control-wrap\" data-name=\"email-910\"><input size=\"40\" maxlength=\"400\" class=\"wpcf7-form-control wpcf7-email wpcf7-validates-as-required wpcf7-text wpcf7-validates-as-email\" aria-required=\"true\" aria-invalid=\"false\" placeholder=\"E-mail *\" value=\"\" type=\"email\" name=\"email-910\" \/><\/span>\n<\/p>\n<p><span class=\"wpcf7-form-control-wrap\" data-name=\"tel-980\"><input size=\"40\" maxlength=\"400\" class=\"wpcf7-form-control wpcf7-tel wpcf7-validates-as-required wpcf7-text wpcf7-validates-as-tel\" aria-required=\"true\" aria-invalid=\"false\" value=\"\" type=\"tel\" name=\"tel-980\" \/><\/span>\n<\/p>\n<p><span class=\"wpcf7-form-control-wrap\" data-name=\"textarea-335\"><textarea cols=\"40\" rows=\"10\" maxlength=\"2000\" class=\"wpcf7-form-control wpcf7-textarea wpcf7-validates-as-required\" aria-required=\"true\" aria-invalid=\"false\" placeholder=\"Message\" name=\"textarea-335\"><\/textarea><\/span>\n<\/p>\n<span class=\"wpcf7-form-control-wrap recaptcha\" data-name=\"recaptcha\"><span data-sitekey=\"6Ldrw0QgAAAAAFpM2eQPgdmB2hRZIFOjX1hplrDA\" class=\"wpcf7-form-control wpcf7-recaptcha g-recaptcha\"><\/span>\r\n<noscript>\r\n\t<div class=\"grecaptcha-noscript\">\r\n\t\t<iframe loading=\"lazy\" src=\"https:\/\/www.google.com\/recaptcha\/api\/fallback?k=6Ldrw0QgAAAAAFpM2eQPgdmB2hRZIFOjX1hplrDA\" frameborder=\"0\" scrolling=\"no\" width=\"310\" height=\"430\">\r\n\t\t<\/iframe>\r\n\t\t<textarea name=\"g-recaptcha-response\" rows=\"3\" cols=\"40\" placeholder=\"reCaptcha Response Here\">\r\n\t\t<\/textarea>\r\n\t<\/div>\r\n<\/noscript>\r\n<\/span>\n<p><input class=\"wpcf7-form-control wpcf7-submit has-spinner\" type=\"submit\" value=\"Send message\" \/>\n<\/p><p style=\"display: none !important;\" class=\"akismet-fields-container\" data-prefix=\"_wpcf7_ak_\"><label>&#916;<textarea name=\"_wpcf7_ak_hp_textarea\" cols=\"45\" rows=\"8\" maxlength=\"100\"><\/textarea><\/label><input type=\"hidden\" id=\"ak_js_1\" name=\"_wpcf7_ak_js\" value=\"185\"\/><script>document.getElementById( \"ak_js_1\" ).setAttribute( \"value\", ( new Date() ).getTime() );<\/script><\/p><div class=\"wpcf7-response-output\" aria-hidden=\"true\"><\/div>\n<input type=\"hidden\" name=\"trp-form-language\" value=\"fr\"\/><\/form>\n<\/div>\n<\/div><\/div><div class=\"vc_empty_space\"   style=\"height: 1.5em\"><span class=\"vc_empty_space_inner\"><\/span><\/div><\/div><\/div><\/div><\/div>\n<\/div>","protected":false},"excerpt":{"rendered":"Contact form Get in touch with us All your meals delivered fresh, clean and convenient straight to your door, ready-to-eat. Current delivery within Canada, USA and France. We are expanding ! Canada Address 1252 Rue Bergar, Laval, QC, H7L 5A2, Canada Phone number +1 (514) 617-7877 USA Address 179 Straitsville Rd, Prospect, CT 06712, USA [...]","protected":false},"author":3,"featured_media":0,"parent":0,"menu_order":0,"comment_status":"closed","ping_status":"closed","template":"","meta":{"nf_dc_page":"","_monsterinsights_skip_tracking":false,"_monsterinsights_sitenote_active":false,"_monsterinsights_sitenote_note":"","_monsterinsights_sitenote_category":0,"footnotes":""},"class_list":["post-4919","page","type-page","status-publish","hentry"],"aioseo_notices":[],"aioseo_head":"\n\t\t<!-- All in One SEO Pro 4.9.5.2 - aioseo.com -->\n\t<meta name=\"description\" content=\"Get in touch with Flavva for meal delivery inquiries. We deliver fresh, ready-to-eat meals across Canada, USA, and France. Contact us today!\" \/>\n\t<meta name=\"robots\" content=\"max-image-preview:large\" \/>\n\t<link rel=\"canonical\" href=\"https:\/\/flavva.com\/fr\/contact\/\" \/>\n\t<meta name=\"generator\" content=\"All in One SEO Pro (AIOSEO) 4.9.5.2\" \/>\n\n\t\t<!-- Google tag (gtag.js) --> <script async src=\"https:\/\/www.googletagmanager.com\/gtag\/js?id=G-69XJVZCSR5\"><\/script> <script> window.dataLayer = window.dataLayer || []; function gtag(){dataLayer.push(arguments);} gtag('js', new Date()); gtag('config', 'G-69XJVZCSR5'); <\/script>\n<meta name=\"google-site-verification\" content=\"COYY6-0iXaNgCcNWpnBuNKP97PjfeVx-i5a19UJGWCw\" \/>\n\t\t<meta property=\"og:locale\" content=\"fr_CA\" \/>\n\t\t<meta property=\"og:site_name\" content=\"Flavva Eat Healthy\" \/>\n\t\t<meta property=\"og:type\" content=\"article\" \/>\n\t\t<meta property=\"og:title\" content=\"Contact Flavva | Fresh &amp; Healthy Meal Delivery Support\" \/>\n\t\t<meta property=\"og:description\" content=\"Get in touch with Flavva for meal delivery inquiries. We deliver fresh, ready-to-eat meals across Canada, USA, and France. Contact us today!\" \/>\n\t\t<meta property=\"og:url\" content=\"https:\/\/flavva.com\/fr\/contact\/\" \/>\n\t\t<meta property=\"og:image\" content=\"https:\/\/flavva.com\/~flavvaco\/wp-content\/uploads\/2022\/04\/logo-small.png\" \/>\n\t\t<meta property=\"og:image:secure_url\" content=\"https:\/\/flavva.com\/~flavvaco\/wp-content\/uploads\/2022\/04\/logo-small.png\" \/>\n\t\t<meta property=\"article:published_time\" content=\"2024-02-29T13:25:18+00:00\" \/>\n\t\t<meta property=\"article:modified_time\" content=\"2025-12-25T10:03:23+00:00\" \/>\n\t\t<meta property=\"article:publisher\" content=\"https:\/\/www.facebook.com\/flavvafb\/\" \/>\n\t\t<meta name=\"twitter:card\" content=\"summary\" \/>\n\t\t<meta name=\"twitter:site\" content=\"@flavva6\" \/>\n\t\t<meta name=\"twitter:title\" content=\"Contact Flavva | Fresh &amp; Healthy Meal Delivery Support\" \/>\n\t\t<meta name=\"twitter:description\" content=\"Get in touch with Flavva for meal delivery inquiries. We deliver fresh, ready-to-eat meals across Canada, USA, and France. Contact us today!\" \/>\n\t\t<meta name=\"twitter:creator\" content=\"@flavva6\" \/>\n\t\t<meta name=\"twitter:image\" content=\"http:\/\/flavva.com\/~flavvaco\/wp-content\/uploads\/2022\/04\/logo-small.png\" \/>\n\t\t<script type=\"application\/ld+json\" class=\"aioseo-schema\">\n\t\t\t{\"@context\":\"https:\\\/\\\/schema.org\",\"@graph\":[{\"@type\":\"BreadcrumbList\",\"@id\":\"https:\\\/\\\/flavva.com\\\/fr\\\/contact\\\/#breadcrumblist\",\"itemListElement\":[{\"@type\":\"ListItem\",\"@id\":\"https:\\\/\\\/flavva.com\\\/fr#listItem\",\"position\":1,\"name\":\"Home\",\"item\":\"https:\\\/\\\/flavva.com\\\/fr\",\"nextItem\":{\"@type\":\"ListItem\",\"@id\":\"https:\\\/\\\/flavva.com\\\/fr\\\/contact\\\/#listItem\",\"name\":\"Contact Us\"}},{\"@type\":\"ListItem\",\"@id\":\"https:\\\/\\\/flavva.com\\\/fr\\\/contact\\\/#listItem\",\"position\":2,\"name\":\"Contact Us\",\"previousItem\":{\"@type\":\"ListItem\",\"@id\":\"https:\\\/\\\/flavva.com\\\/fr#listItem\",\"name\":\"Home\"}}]},{\"@type\":\"Organization\",\"@id\":\"https:\\\/\\\/flavva.com\\\/fr\\\/#organization\",\"name\":\"Flavva Eat Healthy\",\"url\":\"https:\\\/\\\/flavva.com\\\/fr\\\/\",\"email\":\"info@flavva.com\",\"telephone\":\"+15146177877\",\"logo\":{\"@type\":\"ImageObject\",\"url\":\"https:\\\/\\\/i0.wp.com\\\/flavva.com\\\/wp-content\\\/uploads\\\/2022\\\/05\\\/flavva_logo-1.png?fit=300%2C300&ssl=1\",\"@id\":\"https:\\\/\\\/flavva.com\\\/fr\\\/contact\\\/#organizationLogo\",\"width\":300,\"height\":300,\"caption\":\"Flavva Logo\"},\"image\":{\"@id\":\"https:\\\/\\\/flavva.com\\\/fr\\\/contact\\\/#organizationLogo\"},\"sameAs\":[\"https:\\\/\\\/www.facebook.com\\\/flavvafb\\\/\",\"https:\\\/\\\/twitter.com\\\/flavva6\",\"https:\\\/\\\/www.instagram.com\\\/flavvafood\\\/\",\"https:\\\/\\\/www.linkedin.com\\\/company\\\/flavva\\\/\"],\"address\":{\"@id\":\"https:\\\/\\\/flavva.com\\\/fr\\\/#postaladdress\",\"@type\":\"PostalAddress\",\"streetAddress\":\"3850 boulevard saint-Ezear o,\",\"postalCode\":\"H7P0L4\",\"addressLocality\":\"laval\",\"addressRegion\":\"Quebec\",\"addressCountry\":\"CA\"}},{\"@type\":\"WebPage\",\"@id\":\"https:\\\/\\\/flavva.com\\\/fr\\\/contact\\\/#webpage\",\"url\":\"https:\\\/\\\/flavva.com\\\/fr\\\/contact\\\/\",\"name\":\"Contact Flavva | Fresh & Healthy Meal Delivery Support\",\"description\":\"Get in touch with Flavva for meal delivery inquiries. We deliver fresh, ready-to-eat meals across Canada, USA, and France. Contact us today!\",\"inLanguage\":\"fr-CA\",\"isPartOf\":{\"@id\":\"https:\\\/\\\/flavva.com\\\/fr\\\/#website\"},\"breadcrumb\":{\"@id\":\"https:\\\/\\\/flavva.com\\\/fr\\\/contact\\\/#breadcrumblist\"},\"datePublished\":\"2024-02-29T08:25:18-05:00\",\"dateModified\":\"2025-12-25T05:03:23-05:00\"},{\"@type\":\"WebSite\",\"@id\":\"https:\\\/\\\/flavva.com\\\/fr\\\/#website\",\"url\":\"https:\\\/\\\/flavva.com\\\/fr\\\/\",\"name\":\"Flavva Eat Healthy\",\"inLanguage\":\"fr-CA\",\"publisher\":{\"@id\":\"https:\\\/\\\/flavva.com\\\/fr\\\/#organization\"}}]}\n\t\t<\/script>\n\t\t<!-- All in One SEO Pro -->\r\n\t\t<title>Contact Flavva | Fresh &amp; Healthy Meal Delivery Support<\/title>\n\n","aioseo_head_json":{"title":"Contact Flavva | Fresh & Healthy Meal Delivery Support","description":"Get in touch with Flavva for meal delivery inquiries. We deliver fresh, ready-to-eat meals across Canada, USA, and France. Contact us today!","canonical_url":"https:\/\/flavva.com\/fr\/contact\/","robots":"max-image-preview:large","keywords":"","webmasterTools":{"miscellaneous":"&lt;!-- Google tag (gtag.js) --&gt; &lt;script async src=\"https:\/\/www.googletagmanager.com\/gtag\/js?id=G-69XJVZCSR5\"&gt;&lt;\/script&gt; &lt;script&gt; window.dataLayer = window.dataLayer || []; function gtag(){dataLayer.push(arguments);} gtag('js', new Date()); gtag('config', 'G-69XJVZCSR5'); &lt;\/script&gt;\n&lt;meta name=\"google-site-verification\" content=\"COYY6-0iXaNgCcNWpnBuNKP97PjfeVx-i5a19UJGWCw\" \/&gt;"},"schema":{"@context":"https:\/\/schema.org","@graph":[{"@type":"BreadcrumbList","@id":"https:\/\/flavva.com\/fr\/contact\/#breadcrumblist","itemListElement":[{"@type":"ListItem","@id":"https:\/\/flavva.com\/fr#listItem","position":1,"name":"Home","item":"https:\/\/flavva.com\/fr","nextItem":{"@type":"ListItem","@id":"https:\/\/flavva.com\/fr\/contact\/#listItem","name":"Contact Us"}},{"@type":"ListItem","@id":"https:\/\/flavva.com\/fr\/contact\/#listItem","position":2,"name":"Contact Us","previousItem":{"@type":"ListItem","@id":"https:\/\/flavva.com\/fr#listItem","name":"Home"}}]},{"@type":"Organization","@id":"https:\/\/flavva.com\/fr\/#organization","name":"Flavva Eat Healthy","url":"https:\/\/flavva.com\/fr\/","email":"info@flavva.com","telephone":"+15146177877","logo":{"@type":"ImageObject","url":"https:\/\/i0.wp.com\/flavva.com\/wp-content\/uploads\/2022\/05\/flavva_logo-1.png?fit=300%2C300&ssl=1","@id":"https:\/\/flavva.com\/fr\/contact\/#organizationLogo","width":300,"height":300,"caption":"Flavva Logo"},"image":{"@id":"https:\/\/flavva.com\/fr\/contact\/#organizationLogo"},"sameAs":["https:\/\/www.facebook.com\/flavvafb\/","https:\/\/twitter.com\/flavva6","https:\/\/www.instagram.com\/flavvafood\/","https:\/\/www.linkedin.com\/company\/flavva\/"],"address":{"@id":"https:\/\/flavva.com\/fr\/#postaladdress","@type":"PostalAddress","streetAddress":"3850 boulevard saint-Ezear o,","postalCode":"H7P0L4","addressLocality":"laval","addressRegion":"Quebec","addressCountry":"CA"}},{"@type":"WebPage","@id":"https:\/\/flavva.com\/fr\/contact\/#webpage","url":"https:\/\/flavva.com\/fr\/contact\/","name":"Contact Flavva | Fresh & Healthy Meal Delivery Support","description":"Get in touch with Flavva for meal delivery inquiries. We deliver fresh, ready-to-eat meals across Canada, USA, and France. Contact us today!","inLanguage":"fr-CA","isPartOf":{"@id":"https:\/\/flavva.com\/fr\/#website"},"breadcrumb":{"@id":"https:\/\/flavva.com\/fr\/contact\/#breadcrumblist"},"datePublished":"2024-02-29T08:25:18-05:00","dateModified":"2025-12-25T05:03:23-05:00"},{"@type":"WebSite","@id":"https:\/\/flavva.com\/fr\/#website","url":"https:\/\/flavva.com\/fr\/","name":"Flavva Eat Healthy","inLanguage":"fr-CA","publisher":{"@id":"https:\/\/flavva.com\/fr\/#organization"}}]},"og:locale":"fr_CA","og:site_name":"Flavva Eat Healthy","og:type":"article","og:title":"Contact Flavva | Fresh &amp; Healthy Meal Delivery Support","og:description":"Get in touch with Flavva for meal delivery inquiries. We deliver fresh, ready-to-eat meals across Canada, USA, and France. Contact us today!","og:url":"https:\/\/flavva.com\/fr\/contact\/","og:image":"https:\/\/flavva.com\/~flavvaco\/wp-content\/uploads\/2022\/04\/logo-small.png","og:image:secure_url":"https:\/\/flavva.com\/~flavvaco\/wp-content\/uploads\/2022\/04\/logo-small.png","article:published_time":"2024-02-29T13:25:18+00:00","article:modified_time":"2025-12-25T10:03:23+00:00","article:publisher":"https:\/\/www.facebook.com\/flavvafb\/","twitter:card":"summary","twitter:site":"@flavva6","twitter:title":"Contact Flavva | Fresh &amp; Healthy Meal Delivery Support","twitter:description":"Get in touch with Flavva for meal delivery inquiries. We deliver fresh, ready-to-eat meals across Canada, USA, and France. Contact us today!","twitter:creator":"@flavva6","twitter:image":"http:\/\/flavva.com\/~flavvaco\/wp-content\/uploads\/2022\/04\/logo-small.png"},"aioseo_meta_data":{"post_id":"4919","title":"Contact Flavva | Fresh &amp; Healthy Meal Delivery Support","description":"Get in touch with Flavva for meal delivery inquiries. We deliver fresh, ready-to-eat meals across Canada, USA, and France. Contact us today!","keywords":null,"keyphrases":{"focus":{"keyphrase":"","score":0,"analysis":{"keyphraseInTitle":{"score":0,"maxScore":9,"error":1}}},"additional":[]},"primary_term":null,"canonical_url":null,"og_title":"Contact Flavva | Fresh &amp; Healthy Meal Delivery Support","og_description":"Get in touch with Flavva for meal delivery inquiries. We deliver fresh, ready-to-eat meals across Canada, USA, and France. Contact us today!","og_object_type":"default","og_image_type":"default","og_image_url":null,"og_image_width":null,"og_image_height":null,"og_image_custom_url":null,"og_image_custom_fields":null,"og_video":"","og_custom_url":null,"og_article_section":null,"og_article_tags":null,"twitter_use_og":false,"twitter_card":"default","twitter_image_type":"default","twitter_image_url":null,"twitter_image_custom_url":null,"twitter_image_custom_fields":null,"twitter_title":null,"twitter_description":null,"schema":{"blockGraphs":[],"customGraphs":[],"default":{"data":{"Article":[],"Course":[],"Dataset":[],"FAQPage":[],"Movie":[],"Person":[],"Product":[],"ProductReview":[],"Car":[],"Recipe":[],"Service":[],"SoftwareApplication":[],"WebPage":[]},"graphName":"WebPage","isEnabled":true},"graphs":[]},"schema_type":"default","schema_type_options":null,"pillar_content":false,"robots_default":true,"robots_noindex":false,"robots_noarchive":false,"robots_nosnippet":false,"robots_nofollow":false,"robots_noimageindex":false,"robots_noodp":false,"robots_notranslate":false,"robots_max_snippet":"-1","robots_max_videopreview":"-1","robots_max_imagepreview":"large","priority":null,"frequency":"default","local_seo":null,"seo_analyzer_scan_date":"2025-12-25 10:04:23","breadcrumb_settings":null,"limit_modified_date":false,"open_ai":"{\"title\":{\"suggestions\":[],\"usage\":0},\"description\":{\"suggestions\":[],\"usage\":0}}","ai":{"faqs":[],"keyPoints":[],"titles":[],"descriptions":[],"socialPosts":{"email":[],"linkedin":[],"twitter":[],"facebook":[],"instagram":[]}},"created":"2024-02-29 13:22:29","updated":"2025-12-25 10:05:33"},"aioseo_breadcrumb":"<div class=\"aioseo-breadcrumbs\"><span class=\"aioseo-breadcrumb\">\n\t<a href=\"https:\/\/flavva.com\/fr\" title=\"Home\">Home<\/a>\n<\/span><span class=\"aioseo-breadcrumb-separator\">&raquo;<\/span><span class=\"aioseo-breadcrumb\">\n\tContact Us\n<\/span><\/div>","aioseo_breadcrumb_json":[{"label":"Home","link":"https:\/\/flavva.com\/fr"},{"label":"Contact Us","link":"https:\/\/flavva.com\/fr\/contact\/"}],"_links":{"self":[{"href":"https:\/\/flavva.com\/fr\/wp-json\/wp\/v2\/pages\/4919","targetHints":{"allow":["GET"]}}],"collection":[{"href":"https:\/\/flavva.com\/fr\/wp-json\/wp\/v2\/pages"}],"about":[{"href":"https:\/\/flavva.com\/fr\/wp-json\/wp\/v2\/types\/page"}],"author":[{"embeddable":true,"href":"https:\/\/flavva.com\/fr\/wp-json\/wp\/v2\/users\/3"}],"replies":[{"embeddable":true,"href":"https:\/\/flavva.com\/fr\/wp-json\/wp\/v2\/comments?post=4919"}],"version-history":[{"count":0,"href":"https:\/\/flavva.com\/fr\/wp-json\/wp\/v2\/pages\/4919\/revisions"}],"wp:attachment":[{"href":"https:\/\/flavva.com\/fr\/wp-json\/wp\/v2\/media?parent=4919"}],"curies":[{"name":"wp","href":"https:\/\/api.w.org\/{rel}","templated":true}]}}